{"id":1058,"date":"2018-08-23T12:01:59","date_gmt":"2018-08-23T10:01:59","guid":{"rendered":"https:\/\/visvis.forskningsnatet.se\/?page_id=1058"},"modified":"2022-01-18T14:27:13","modified_gmt":"2022-01-18T13:27:13","slug":"vis-skola-foretag","status":"publish","type":"page","link":"https:\/\/visvis.forskningsnatet.se\/index.php\/detta-erbjuder-vi\/vis-skola-foretag\/","title":{"rendered":"VIS skola &#038; f\u00f6retag"},"content":{"rendered":"<p>Du \u00e4r l\u00e4rare, \u00e4mnesansvarig eller kanske rektor och s\u00f6ker f\u00f6retag som \u00e4r villiga att engagera sig i elevernas gymnasiearbete. VIS kan f\u00f6rmedla kontakten och bist\u00e5 med handledning. Eller ocks\u00e5 \u00e4r du chef eller medarbetare p\u00e5 ett f\u00f6retag som vill f\u00f6rb\u00e4ttra sin kontakt med skolan, t ex visa upp f\u00f6retagets teknologi eller arbetsmetoder f\u00f6r elever &#8211; det \u00e4r ju bland dem som dina framtida medarbetare kan finnas.<\/p>\n<p>VIS samarbetar med f\u00f6retag som Trelleborg AB, Tetra Pak, \u00c5F, E.ON, PEAB och BONA AB.<\/p>\n<p><a href=\"https:\/\/visvis.forskningsnatet.se\/index.php\/kontakt\/\">Kontakta VIS verksamhetsledare f\u00f6r mer information och diskussion om samarbetsuppl\u00e4gg.<\/a><\/p>\n","protected":false},"excerpt":{"rendered":"<p>Du \u00e4r l\u00e4rare, \u00e4mnesansvarig eller kanske rektor och s\u00f6ker f\u00f6retag som \u00e4r villiga att engagera sig i elevernas gymnasiearbete. VIS kan f\u00f6rmedla kontakten och bist\u00e5 med handledning. Eller ocks\u00e5 \u00e4r du chef eller medarbetare p\u00e5 ett f\u00f6retag som vill f\u00f6rb\u00e4ttra sin kontakt med skolan, t ex visa upp f\u00f6retagets teknologi eller arbetsmetoder f\u00f6r elever &#8211; [&hellip;]<\/p>\n","protected":false},"author":1,"featured_media":0,"parent":60,"menu_order":0,"comment_status":"closed","ping_status":"closed","template":"","meta":{"footnotes":""},"class_list":["post-1058","page","type-page","status-publish","czr-hentry"],"_links":{"self":[{"href":"https:\/\/visvis.forskningsnatet.se\/index.php\/wp-json\/wp\/v2\/pages\/1058","targetHints":{"allow":["GET"]}}],"collection":[{"href":"https:\/\/visvis.forskningsnatet.se\/index.php\/wp-json\/wp\/v2\/pages"}],"about":[{"href":"https:\/\/visvis.forskningsnatet.se\/index.php\/wp-json\/wp\/v2\/types\/page"}],"author":[{"embeddable":true,"href":"https:\/\/visvis.forskningsnatet.se\/index.php\/wp-json\/wp\/v2\/users\/1"}],"replies":[{"embeddable":true,"href":"https:\/\/visvis.forskningsnatet.se\/index.php\/wp-json\/wp\/v2\/comments?post=1058"}],"version-history":[{"count":5,"href":"https:\/\/visvis.forskningsnatet.se\/index.php\/wp-json\/wp\/v2\/pages\/1058\/revisions"}],"predecessor-version":[{"id":2437,"href":"https:\/\/visvis.forskningsnatet.se\/index.php\/wp-json\/wp\/v2\/pages\/1058\/revisions\/2437"}],"up":[{"embeddable":true,"href":"https:\/\/visvis.forskningsnatet.se\/index.php\/wp-json\/wp\/v2\/pages\/60"}],"wp:attachment":[{"href":"https:\/\/visvis.forskningsnatet.se\/index.php\/wp-json\/wp\/v2\/media?parent=1058"}],"curies":[{"name":"wp","href":"https:\/\/api.w.org\/{rel}","templated":true}]}}