{"id":1110,"date":"2018-08-23T11:53:22","date_gmt":"2018-08-23T09:53:22","guid":{"rendered":"https:\/\/visvis.forskningsnatet.se\/?page_id=1110"},"modified":"2018-11-11T13:16:21","modified_gmt":"2018-11-11T12:16:21","slug":"vara-vis-partner","status":"publish","type":"page","link":"https:\/\/visvis.forskningsnatet.se\/index.php\/detta-erbjuder-vi\/vis-partner\/vara-vis-partner\/","title":{"rendered":"V\u00e5ra VIS-partner"},"content":{"rendered":"<p>Din skola, kommun eller skolhuvudman kan g\u00e5 in som VIS-partner f\u00f6r kortare eller l\u00e4ngre tid, minst dock ett l\u00e4s\u00e5r. De h\u00e4r skolorna har varit eller \u00e4r VIS-partner sedan VIS \u00f6ppnade denna m\u00f6jlighet l\u00e4s\u00e5ret 2016-17:<\/p>\n<p>Einar Hansengymnasiet, Malm\u00f6<\/p>\n<p>K\u00e4vlinge l\u00e4rcentrum<\/p>\n<p>Sundsgymnasiet, Vellinge<\/p>\n<p>S:t Petri skola, Malm\u00f6<\/p>\n<p>Olympiaskolan, Helsingborg<\/p>\n<p>Tycho Braheskolan, Helsingborg<\/p>\n<p>Ystad gymnasium<\/p>\n<p>Hammenh\u00f6gs friskola<\/p>\n","protected":false},"excerpt":{"rendered":"<p>Din skola, kommun eller skolhuvudman kan g\u00e5 in som VIS-partner f\u00f6r kortare eller l\u00e4ngre tid, minst dock ett l\u00e4s\u00e5r. De h\u00e4r skolorna har varit eller \u00e4r VIS-partner sedan VIS \u00f6ppnade denna m\u00f6jlighet l\u00e4s\u00e5ret 2016-17: Einar Hansengymnasiet, Malm\u00f6 K\u00e4vlinge l\u00e4rcentrum Sundsgymnasiet, Vellinge S:t Petri skola, Malm\u00f6 Olympiaskolan, Helsingborg Tycho Braheskolan, Helsingborg Ystad gymnasium Hammenh\u00f6gs friskola<\/p>\n","protected":false},"author":1,"featured_media":0,"parent":513,"menu_order":0,"comment_status":"closed","ping_status":"closed","template":"","meta":{"footnotes":""},"class_list":["post-1110","page","type-page","status-publish","czr-hentry"],"_links":{"self":[{"href":"https:\/\/visvis.forskningsnatet.se\/index.php\/wp-json\/wp\/v2\/pages\/1110","targetHints":{"allow":["GET"]}}],"collection":[{"href":"https:\/\/visvis.forskningsnatet.se\/index.php\/wp-json\/wp\/v2\/pages"}],"about":[{"href":"https:\/\/visvis.forskningsnatet.se\/index.php\/wp-json\/wp\/v2\/types\/page"}],"author":[{"embeddable":true,"href":"https:\/\/visvis.forskningsnatet.se\/index.php\/wp-json\/wp\/v2\/users\/1"}],"replies":[{"embeddable":true,"href":"https:\/\/visvis.forskningsnatet.se\/index.php\/wp-json\/wp\/v2\/comments?post=1110"}],"version-history":[{"count":2,"href":"https:\/\/visvis.forskningsnatet.se\/index.php\/wp-json\/wp\/v2\/pages\/1110\/revisions"}],"predecessor-version":[{"id":1297,"href":"https:\/\/visvis.forskningsnatet.se\/index.php\/wp-json\/wp\/v2\/pages\/1110\/revisions\/1297"}],"up":[{"embeddable":true,"href":"https:\/\/visvis.forskningsnatet.se\/index.php\/wp-json\/wp\/v2\/pages\/513"}],"wp:attachment":[{"href":"https:\/\/visvis.forskningsnatet.se\/index.php\/wp-json\/wp\/v2\/media?parent=1110"}],"curies":[{"name":"wp","href":"https:\/\/api.w.org\/{rel}","templated":true}]}}