{"id":12,"date":"2015-08-24T12:34:19","date_gmt":"2015-08-24T10:34:19","guid":{"rendered":"https:\/\/visvis.forskningsnatet.se\/?page_id=12"},"modified":"2023-02-06T18:06:07","modified_gmt":"2023-02-06T17:06:07","slug":"vi-ar-vis-larare","status":"publish","type":"page","link":"https:\/\/visvis.forskningsnatet.se\/index.php\/vi-ar-vis-larare\/","title":{"rendered":"Vi \u00e4r VIS-l\u00e4rare"},"content":{"rendered":"<p style=\"text-align: left;\">VIS-medlemmar som har forskarutbildning (eller \u00e4r p\u00e5 v\u00e4g att forskarutbilda sig) eller arbetar som f\u00f6rstel\u00e4rare kan bli s k VIS-l\u00e4rare och fungera som r\u00e5dgivare, handledare, utbildare eller utredare i skolan,\u00a0 bl a i analys- eller utvecklingsprojekt. <a href=\"https:\/\/visvis.forskningsnatet.se\/index.php\/om-oss\/genomforda-uppdrag\/\">H\u00e4r hittar du exempel p\u00e5 projekt och uppdrag d\u00e4r VIS-l\u00e4rare medverkat.<\/a><\/p>\n<p>Nedan hittar du alla som \u00e4r VIS-l\u00e4rare just nu och vilken huvudinriktning de har. Vill du veta mer om n\u00e5gon av dem, klicka bara p\u00e5 bilden.<\/p>\n<p><a href=\"https:\/\/visvis.forskningsnatet.se\/index.php\/kontakt\/\">Vill du g\u00e5 vidare och diskutera ett eventuellt uppdrag &#8211; ta d\u00e5 kontakt med VIS verksamhetsledare.<\/a><\/p>\n<div id=\"attachment_155\" style=\"width: 170px\" class=\"wp-caption alignleft\"><a href=\"https:\/\/visvis.forskningsnatet.se\/index.php\/vi-ar-vis-larare\/marianne-almstrom\/\"><img loading=\"lazy\" decoding=\"async\" aria-describedby=\"caption-attachment-155\" class=\"wp-image-155 size-full\" src=\"https:\/\/visvis.forskningsnatet.se\/wp-content\/uploads\/2015\/11\/marianne_almstr\u00f6m-e1604045281154.jpg\" alt=\"marianne_almstrom\" width=\"160\" height=\"200\" \/><\/a><p id=\"caption-attachment-155\" class=\"wp-caption-text\">Marianne Almstr\u00f6m <br \/>Licentiand Kemididaktik<\/p><\/div>\n<div id=\"attachment_1746\" style=\"width: 170px\" class=\"wp-caption alignleft\"><a href=\"https:\/\/visvis.forskningsnatet.se\/index.php\/vi-ar-vis-larare\/annika-andersson-2\/\"><img loading=\"lazy\" decoding=\"async\" aria-describedby=\"caption-attachment-1746\" class=\"wp-image-1746 size-full\" src=\"https:\/\/visvis.forskningsnatet.se\/wp-content\/uploads\/2019\/09\/annika-andersson2.jpg\" alt=\"\" width=\"160\" height=\"200\" \/><\/a><p id=\"caption-attachment-1746\" class=\"wp-caption-text\">Annika Andersson <br \/>Tekn lic Livsmedelsteknologi<\/p><\/div>\n<div id=\"attachment_157\" style=\"width: 170px\" class=\"wp-caption alignleft\"><a href=\"https:\/\/visvis.forskningsnatet.se\/index.php\/vi-ar-vis-larare\/malin-bardenstam\/\"><img loading=\"lazy\" decoding=\"async\" aria-describedby=\"caption-attachment-157\" class=\"wp-image-157 size-full\" src=\"https:\/\/visvis.forskningsnatet.se\/wp-content\/uploads\/2015\/11\/malin_bardenstam.jpg\" alt=\"malin_bardenstam\" width=\"160\" height=\"200\" \/><\/a><p id=\"caption-attachment-157\" class=\"wp-caption-text\">Malin Bardenstam <br \/>Fil lic Sv m didaktisk inriktning<\/p><\/div>\n<div id=\"attachment_164\" style=\"width: 170px\" class=\"wp-caption alignleft\"><a href=\"https:\/\/visvis.forskningsnatet.se\/index.php\/vi-ar-vis-larare\/maria-brannstrom-2\/\"><img loading=\"lazy\" decoding=\"async\" aria-describedby=\"caption-attachment-164\" class=\"wp-image-164 size-full\" src=\"https:\/\/visvis.forskningsnatet.se\/wp-content\/uploads\/2015\/08\/maria-br\u00e4nnstr\u00f6m.jpg\" alt=\"maria-br\u00e4nnstr\u00f6m\" width=\"160\" height=\"200\" \/><\/a><p id=\"caption-attachment-164\" class=\"wp-caption-text\">Maria Br\u00e4nnstr\u00f6m<br \/>Fil lic Svenska didaktik mm<\/p><\/div>\n<div id=\"attachment_165\" style=\"width: 170px\" class=\"wp-caption alignleft\"><a href=\"https:\/\/visvis.forskningsnatet.se\/index.php\/vi-ar-vis-larare\/camilla-christensson\/\"><img loading=\"lazy\" decoding=\"async\" aria-describedby=\"caption-attachment-165\" class=\"wp-image-165 size-full\" src=\"https:\/\/visvis.forskningsnatet.se\/wp-content\/uploads\/2015\/08\/camille_christensson.jpg\" alt=\"Camilla Christensson\" width=\"160\" height=\"200\" \/><\/a><p id=\"caption-attachment-165\" class=\"wp-caption-text\">Camilla Christensson <br \/>Fil dr Teknisk mikrobiologi<\/p><\/div>\n<div id=\"attachment_959\" style=\"width: 170px\" class=\"wp-caption alignleft\"><a href=\"https:\/\/visvis.forskningsnatet.se\/index.php\/vi-ar-vis-larare\/magnus-ehinger\/\"><img loading=\"lazy\" decoding=\"async\" aria-describedby=\"caption-attachment-959\" class=\"wp-image-959 size-full\" src=\"https:\/\/visvis.forskningsnatet.se\/wp-content\/uploads\/2018\/03\/Bild-Magnus-Ehinger.acorn_.jpg\" alt=\"\" width=\"160\" height=\"200\" \/><\/a><p id=\"caption-attachment-959\" class=\"wp-caption-text\">Magnus Ehinger<br \/>Fil lic, gymnasiel\u00e4rare<\/p><\/div>\n<div id=\"attachment_2730\" style=\"width: 170px\" class=\"wp-caption alignleft\"><a href=\"https:\/\/visvis.forskningsnatet.se\/index.php\/vi-ar-vis-larare\/margareta-ekborg\/\"><img loading=\"lazy\" decoding=\"async\" aria-describedby=\"caption-attachment-2730\" class=\"wp-image-2730 size-full\" src=\"https:\/\/visvis.forskningsnatet.se\/wp-content\/uploads\/2022\/05\/Margareta_Ekborg.jpg\" alt=\"\" width=\"160\" height=\"200\" \/><\/a><p id=\"caption-attachment-2730\" class=\"wp-caption-text\">Margareta Ekborg Fil dr, professor \u00e4mnesdidaktik<\/p><\/div>\n<div id=\"attachment_172\" style=\"width: 170px\" class=\"wp-caption alignleft\"><a href=\"https:\/\/visvis.forskningsnatet.se\/index.php\/vi-ar-vis-larare\/therese-granekull\/\"><img loading=\"lazy\" decoding=\"async\" aria-describedby=\"caption-attachment-172\" class=\"wp-image-172 size-full\" src=\"https:\/\/visvis.forskningsnatet.se\/wp-content\/uploads\/2015\/08\/therese_granekull.jpg\" alt=\"therese_granekull\" width=\"160\" height=\"200\" \/><\/a><p id=\"caption-attachment-172\" class=\"wp-caption-text\">Therese Granekull<br \/>Fil lic Matematikens didaktik<\/p><\/div>\n<div id=\"attachment_179\" style=\"width: 170px\" class=\"wp-caption alignleft\"><a href=\"https:\/\/visvis.forskningsnatet.se\/index.php\/vi-ar-vis-larare\/rickard-hakansson\/\"><img loading=\"lazy\" decoding=\"async\" aria-describedby=\"caption-attachment-179\" class=\"wp-image-179 size-full\" src=\"https:\/\/visvis.forskningsnatet.se\/wp-content\/uploads\/2015\/08\/rickard_h\u00e5kanson.jpg\" alt=\"rickard_h\u00e5kanson\" width=\"160\" height=\"200\" \/><\/a><p id=\"caption-attachment-179\" class=\"wp-caption-text\">Rickard H\u00e5kanson <br \/>Fil lic Idrott o h\u00e4lsas didaktik<\/p><\/div>\n<div id=\"attachment_180\" style=\"width: 170px\" class=\"wp-caption alignleft\"><a href=\"https:\/\/visvis.forskningsnatet.se\/index.php\/vi-ar-vis-larare\/linda-jarlskog-2\/\"><img loading=\"lazy\" decoding=\"async\" aria-describedby=\"caption-attachment-180\" class=\"wp-image-180 size-full\" src=\"https:\/\/visvis.forskningsnatet.se\/wp-content\/uploads\/2015\/08\/linda-jarlskog.jpg\" alt=\"linda-jarlskog\" width=\"160\" height=\"200\" \/><\/a><p id=\"caption-attachment-180\" class=\"wp-caption-text\">Linda Jarlskog<br \/>Tekn lic Fasta tillst\u00e5ndets fysik<\/p><\/div>\n<div id=\"attachment_436\" style=\"width: 170px\" class=\"wp-caption alignleft\"><img loading=\"lazy\" decoding=\"async\" aria-describedby=\"caption-attachment-436\" class=\"wp-image-436 size-full\" src=\"https:\/\/visvis.forskningsnatet.se\/wp-content\/uploads\/2015\/08\/Ingemar-Karlsson-e1611483566573.jpg\" alt=\"Ingemar Karlsson\" width=\"160\" height=\"200\" \/><p id=\"caption-attachment-436\" class=\"wp-caption-text\">Ingemar Karlsson<br \/>Fl dr Mat. didaktik<\/p><\/div>\n<div id=\"attachment_2051\" style=\"width: 167px\" class=\"wp-caption alignleft\"><a href=\"https:\/\/visvis.forskningsnatet.se\/index.php\/vi-ar-vis-larare\/viktoria-linden\/\"><img loading=\"lazy\" decoding=\"async\" aria-describedby=\"caption-attachment-2051\" class=\"wp-image-2051 size-full\" src=\"https:\/\/visvis.forskningsnatet.se\/wp-content\/uploads\/2021\/01\/Bild-Viktoria-Linden-2-e1611653781981-2-e1611654314576.jpg\" alt=\"Viktoria Lind\u00e9n\" width=\"157\" height=\"200\" \/><\/a><p id=\"caption-attachment-2051\" class=\"wp-caption-text\">Viktoria Lind\u00e9n<br \/>Bitr rektor\/chef Hermods AB<\/p><\/div>\n<div id=\"attachment_2676\" style=\"width: 170px\" class=\"wp-caption alignleft\"><a href=\"https:\/\/visvis.forskningsnatet.se\/index.php\/vi-ar-vis-larare\/eva-pennegard\/\"><img loading=\"lazy\" decoding=\"async\" aria-describedby=\"caption-attachment-2676\" class=\"wp-image-2676 size-full\" src=\"https:\/\/visvis.forskningsnatet.se\/wp-content\/uploads\/2022\/04\/Eva-P.jpg\" alt=\"\" width=\"160\" height=\"199\" \/><\/a><p id=\"caption-attachment-2676\" class=\"wp-caption-text\">Eva Penneg\u00e5rd <br \/>Licentiand, specialpedagog<\/p><\/div>\n<div id=\"attachment_156\" style=\"width: 170px\" class=\"wp-caption alignleft\"><a href=\"https:\/\/visvis.forskningsnatet.se\/index.php\/vi-ar-vis-larare\/anna-ponnert\/\"><img loading=\"lazy\" decoding=\"async\" aria-describedby=\"caption-attachment-156\" class=\"wp-image-156 size-full\" src=\"https:\/\/visvis.forskningsnatet.se\/wp-content\/uploads\/2015\/11\/anonymbild-e1604045717378.jpg\" alt=\"anonym bild\" width=\"160\" height=\"200\" \/><\/a><p id=\"caption-attachment-156\" class=\"wp-caption-text\">Anna Ponnert<br \/>Fil lic Spansk didaktik<\/p><\/div>\n<div id=\"attachment_190\" style=\"width: 170px\" class=\"wp-caption alignleft\"><a href=\"https:\/\/visvis.forskningsnatet.se\/index.php\/vi-ar-vis-larare\/adriana-sturesson\/\"><img loading=\"lazy\" decoding=\"async\" aria-describedby=\"caption-attachment-190\" class=\"wp-image-190 size-full\" src=\"https:\/\/visvis.forskningsnatet.se\/wp-content\/uploads\/2015\/11\/adriana_sturesson.jpg\" alt=\"adriana_sturesson\" width=\"160\" height=\"200\" \/><\/a><p id=\"caption-attachment-190\" class=\"wp-caption-text\">Adriana Sturesson<br \/>Fil lic. Pedagogik<\/p><\/div>\n<div id=\"attachment_2021\" style=\"width: 170px\" class=\"wp-caption alignleft\"><a href=\"https:\/\/visvis.forskningsnatet.se\/index.php\/camilla-tangvald\/\"><img loading=\"lazy\" decoding=\"async\" aria-describedby=\"caption-attachment-2021\" class=\"wp-image-2021 size-full\" src=\"https:\/\/visvis.forskningsnatet.se\/wp-content\/uploads\/2021\/01\/Bild-Camilla-Tangvald-2-e1611484709104.jpg\" alt=\"Camilla Tangvald\" width=\"160\" height=\"200\" \/><\/a><p id=\"caption-attachment-2021\" class=\"wp-caption-text\">Camilla Tangvald<br \/>F\u00f6rstel\u00e4rare i eng. gy<\/p><\/div>\n<div id=\"attachment_1253\" style=\"width: 170px\" class=\"wp-caption alignleft\"><a href=\"https:\/\/visvis.forskningsnatet.se\/index.php\/vi-ar-vis-larare\/christina-wehtje\/\"><img loading=\"lazy\" decoding=\"async\" aria-describedby=\"caption-attachment-1253\" class=\"size-full wp-image-1253\" src=\"https:\/\/visvis.forskningsnatet.se\/wp-content\/uploads\/2018\/10\/Christina-Wehtje-r\u00e4tt-format.jpg\" alt=\"\" width=\"160\" height=\"200\" \/><\/a><p id=\"caption-attachment-1253\" class=\"wp-caption-text\">Christina Wehtje<br \/>Fil dr, bitr rektor<\/p><\/div>\n","protected":false},"excerpt":{"rendered":"<p>VIS-medlemmar som har forskarutbildning (eller \u00e4r p\u00e5 v\u00e4g att forskarutbilda sig) eller arbetar som f\u00f6rstel\u00e4rare kan bli s k VIS-l\u00e4rare och fungera som r\u00e5dgivare, handledare, utbildare eller utredare i skolan,\u00a0 bl a i analys- eller utvecklingsprojekt. H\u00e4r hittar du exempel p\u00e5 projekt och uppdrag d\u00e4r VIS-l\u00e4rare medverkat. Nedan hittar du alla som \u00e4r VIS-l\u00e4rare just [&hellip;]<\/p>\n","protected":false},"author":1,"featured_media":102,"parent":0,"menu_order":0,"comment_status":"closed","ping_status":"open","template":"","meta":{"footnotes":""},"class_list":["post-12","page","type-page","status-publish","has-post-thumbnail","czr-hentry"],"_links":{"self":[{"href":"https:\/\/visvis.forskningsnatet.se\/index.php\/wp-json\/wp\/v2\/pages\/12","targetHints":{"allow":["GET"]}}],"collection":[{"href":"https:\/\/visvis.forskningsnatet.se\/index.php\/wp-json\/wp\/v2\/pages"}],"about":[{"href":"https:\/\/visvis.forskningsnatet.se\/index.php\/wp-json\/wp\/v2\/types\/page"}],"author":[{"embeddable":true,"href":"https:\/\/visvis.forskningsnatet.se\/index.php\/wp-json\/wp\/v2\/users\/1"}],"replies":[{"embeddable":true,"href":"https:\/\/visvis.forskningsnatet.se\/index.php\/wp-json\/wp\/v2\/comments?post=12"}],"version-history":[{"count":222,"href":"https:\/\/visvis.forskningsnatet.se\/index.php\/wp-json\/wp\/v2\/pages\/12\/revisions"}],"predecessor-version":[{"id":2879,"href":"https:\/\/visvis.forskningsnatet.se\/index.php\/wp-json\/wp\/v2\/pages\/12\/revisions\/2879"}],"wp:featuredmedia":[{"embeddable":true,"href":"https:\/\/visvis.forskningsnatet.se\/index.php\/wp-json\/wp\/v2\/media\/102"}],"wp:attachment":[{"href":"https:\/\/visvis.forskningsnatet.se\/index.php\/wp-json\/wp\/v2\/media?parent=12"}],"curies":[{"name":"wp","href":"https:\/\/api.w.org\/{rel}","templated":true}]}}