{"id":1254,"date":"2018-10-11T18:19:58","date_gmt":"2018-10-11T16:19:58","guid":{"rendered":"https:\/\/visvis.forskningsnatet.se\/?page_id=1254"},"modified":"2018-10-11T18:22:01","modified_gmt":"2018-10-11T16:22:01","slug":"christina-wehtje","status":"publish","type":"page","link":"https:\/\/visvis.forskningsnatet.se\/index.php\/vi-ar-vis-larare\/christina-wehtje\/","title":{"rendered":"Christina Wehtje"},"content":{"rendered":"<div id=\"attachment_1253\" style=\"width: 170px\" class=\"wp-caption alignleft\"><img loading=\"lazy\" decoding=\"async\" aria-describedby=\"caption-attachment-1253\" class=\"size-full wp-image-1253\" src=\"https:\/\/visvis.forskningsnatet.se\/wp-content\/uploads\/2018\/10\/Christina-Wehtje-r\u00e4tt-format.jpg\" alt=\"\" width=\"160\" height=\"200\" \/><p id=\"caption-attachment-1253\" class=\"wp-caption-text\">Christina Wehtje<br \/>Fil dr, bitr rektor<\/p><\/div>\n<p>&nbsp;<\/p>\n<p>&nbsp;<\/p>\n<p>&nbsp;<\/p>\n<p>&nbsp;<\/p>\n<p>&nbsp;<\/p>\n<p>&nbsp;<\/p>\n<p>&nbsp;<\/p>\n<h3><strong>Bitr\u00e4dande rektor S:t Petri skola, Malm\u00f6<\/strong><\/h3>\n<p><strong>Legitimerad gymnasiel\u00e4rare<\/strong> i biologi och kemi, lektor i biologi (\u00e4mneslektor)<\/p>\n<p><strong>Det h\u00e4r \u00e4r min kompetens inom det didaktiska omr\u00e5det<br \/>\n<\/strong>Undervisat i mikrobiologi och molekyl\u00e4r genetik vid Lunds universitet 1994-1995<br \/>\nUndervisat biologi, kemi, mikrobiologi, milj\u00f6kunskap p\u00e5 gymnasiet 1996- 2013<\/p>\n<p><strong>Min forskarutbildning och min forskning<br \/>\n<\/strong>Forskningsf\u00e4lt: Mikrobiologi<br \/>\nMin avslutade forskning: PhD i mikrobiologi 1991, Lunds universitet<\/p>\n<p>P<strong>rojekt jag deltar\/deltagit i<\/strong><br \/>\nArbetar med kollegialt l\u00e4rande p\u00e5 flera niv\u00e5er, fr\u00e5n deltagande till processledning<\/p>\n<p><strong>Kontaktn\u00e4t<br \/>\n<\/strong>Sitter som skolrepresentant i Naturvetenskapliga fakultetens\u00a0\u00a0\u00a0\u00a0\u00a0\u00a0\u00a0\u00a0\u00a0\u00a0\u00a0\u00a0\u00a0\u00a0\u00a0\u00a0\u00a0\u00a0\u00a0\u00a0\u00a0\u00a0\u00a0\u00a0\u00a0 utbildningsn\u00e4mnd i Lund<\/p>\n<p><strong>Publikationer<\/strong><br \/>\nInom mikrobiologi och molekyl\u00e4r genetik, under slutet av 1980-talet och<br \/>\nb\u00f6rjan av 1990-talet:<br \/>\n* Holmberg<sup>x<\/sup>, C. &amp; Rutberg, B. (1989) Cloning of the glycerol kinase gene of<br \/>\n<em>Bacillus subtilis<\/em>. <em>FEMS Microbiology Letters<\/em> 58, 151-156<br \/>\n* Holmberg, C., Beijer, L., Rutberg, B. &amp; Rutberg, L. (1990) Glycerol<br \/>\ncatabolism in <em>Bacillus subtilis<\/em>: nucelotide sequence of the genes encoding<br \/>\nglycerol kinas (<em>glpK<\/em>) and glycerol-3-phosphate dehydrogenase (<em>glpD<\/em>).<br \/>\n<em>Journal of General Microbiology<\/em> 136, 2367-2375<br \/>\n* Holmberg, C. &amp; Rutberg, B. (1991) Expression of the gene encoding<br \/>\nglycerol-3-phosphate dehydrogenase (<em>glpD<\/em>) in <em>Bacillus subtilis<\/em> is controlled<br \/>\nby antitermination. <em>Molecular Microbiology<\/em> 5, 2891-2900<br \/>\n* Holmberg, C. &amp; Rutberg, L. (1992) An inverted repeat preceding the<br \/>\n<em>Bacillus subtilis glpD<\/em> gene is a conditional terminator of transcription.<br \/>\n<em>Molecular Microbiology <\/em>6, 2931-2938<br \/>\n* Beijer, L., Nilsson, R-P, Holmberg, C. &amp; Rutberg, L. (1994) The <em>glpP<\/em> and<br \/>\n<em>glpF<\/em> genes of the glycerol regulon in <em>Bacillus subtilis<\/em>. <em>Journal of General<br \/>\nMicrobiology <\/em>139, 349-359<br \/>\n* Wehtje, C., Beijer, L., Nilsson R-P &amp; Rutberg B (1995) Mutations in the<br \/>\nglycerol kinase gene restore the ability of a <em>ptsGHI<\/em> mutant of <em>Bacillus<br \/>\nsubtilis<\/em> to grow on glycerol. <em>Microbiology<\/em> 141, 1193-1198<\/p>\n","protected":false},"excerpt":{"rendered":"<p>&nbsp; &nbsp; &nbsp; &nbsp; &nbsp; &nbsp; &nbsp; Bitr\u00e4dande rektor S:t Petri skola, Malm\u00f6 Legitimerad gymnasiel\u00e4rare i biologi och kemi, lektor i biologi (\u00e4mneslektor) Det h\u00e4r \u00e4r min kompetens inom det didaktiska omr\u00e5det Undervisat i mikrobiologi och molekyl\u00e4r genetik vid Lunds universitet 1994-1995 Undervisat biologi, kemi, mikrobiologi, milj\u00f6kunskap p\u00e5 gymnasiet 1996- 2013 Min forskarutbildning och min [&hellip;]<\/p>\n","protected":false},"author":1,"featured_media":0,"parent":12,"menu_order":0,"comment_status":"closed","ping_status":"closed","template":"","meta":{"footnotes":""},"class_list":["post-1254","page","type-page","status-publish","czr-hentry"],"_links":{"self":[{"href":"https:\/\/visvis.forskningsnatet.se\/index.php\/wp-json\/wp\/v2\/pages\/1254","targetHints":{"allow":["GET"]}}],"collection":[{"href":"https:\/\/visvis.forskningsnatet.se\/index.php\/wp-json\/wp\/v2\/pages"}],"about":[{"href":"https:\/\/visvis.forskningsnatet.se\/index.php\/wp-json\/wp\/v2\/types\/page"}],"author":[{"embeddable":true,"href":"https:\/\/visvis.forskningsnatet.se\/index.php\/wp-json\/wp\/v2\/users\/1"}],"replies":[{"embeddable":true,"href":"https:\/\/visvis.forskningsnatet.se\/index.php\/wp-json\/wp\/v2\/comments?post=1254"}],"version-history":[{"count":2,"href":"https:\/\/visvis.forskningsnatet.se\/index.php\/wp-json\/wp\/v2\/pages\/1254\/revisions"}],"predecessor-version":[{"id":1257,"href":"https:\/\/visvis.forskningsnatet.se\/index.php\/wp-json\/wp\/v2\/pages\/1254\/revisions\/1257"}],"up":[{"embeddable":true,"href":"https:\/\/visvis.forskningsnatet.se\/index.php\/wp-json\/wp\/v2\/pages\/12"}],"wp:attachment":[{"href":"https:\/\/visvis.forskningsnatet.se\/index.php\/wp-json\/wp\/v2\/media?parent=1254"}],"curies":[{"name":"wp","href":"https:\/\/api.w.org\/{rel}","templated":true}]}}