{"id":1300,"date":"2018-11-22T13:14:48","date_gmt":"2018-11-22T12:14:48","guid":{"rendered":"https:\/\/visvis.forskningsnatet.se\/?page_id=1300"},"modified":"2023-07-25T11:58:01","modified_gmt":"2023-07-25T09:58:01","slug":"vis-styrelse-och-revisorer","status":"publish","type":"page","link":"https:\/\/visvis.forskningsnatet.se\/index.php\/om-oss\/vis-styrelse-och-revisorer\/","title":{"rendered":"VIS styrelse"},"content":{"rendered":"<p>Klicka p\u00e5 namnet p\u00e5 den du vill veta mer om.\u00a0<\/p>\n<p><a href=\"https:\/\/visvis.forskningsnatet.se\/index.php\/vi-ar-vis-larare\/viktoria-linden\/\">Viktoria Lind\u00e9n<\/a>, ordf\u00f6rande<br \/><a href=\"https:\/\/visvis.forskningsnatet.se\/index.php\/vi-ar-vis-larare\/camilla-tangvald\/\">Camilla Tangvald<\/a>, vice ordf\u00f6rande<br \/><a href=\"https:\/\/visvis.forskningsnatet.se\/index.php\/vi-ar-vis-larare\/eva-pennegard\/\">Eva Penneg\u00e5rd<\/a><br \/><a href=\"https:\/\/visvis.forskningsnatet.se\/index.php\/vi-ar-vis-larare\/eva-pennegard\/\">Rickard Wester\u00a0<\/a><br \/><a href=\"https:\/\/visvis.forskningsnatet.se\/index.php\/vi-ar-vis-larare\/marianne-almstrom\/\">Marianne Almstr\u00f6m<\/a> (suppleant)<br \/>VIS ekonomiansvarige, Olle Alexandersson, \u00e4r st\u00e4ndigt adjungerad till styrelsens m\u00f6ten.<\/p>\n<p>\u00a0<\/p>\n\n\n<p><\/p>\n","protected":false},"excerpt":{"rendered":"<p>Klicka p\u00e5 namnet p\u00e5 den du vill veta mer om.\u00a0 Viktoria Lind\u00e9n, ordf\u00f6randeCamilla Tangvald, vice ordf\u00f6randeEva Penneg\u00e5rdRickard Wester\u00a0Marianne Almstr\u00f6m (suppleant)VIS ekonomiansvarige, Olle Alexandersson, \u00e4r st\u00e4ndigt adjungerad till styrelsens m\u00f6ten. \u00a0<\/p>\n","protected":false},"author":1,"featured_media":0,"parent":53,"menu_order":0,"comment_status":"closed","ping_status":"closed","template":"","meta":{"footnotes":""},"class_list":["post-1300","page","type-page","status-publish","czr-hentry"],"_links":{"self":[{"href":"https:\/\/visvis.forskningsnatet.se\/index.php\/wp-json\/wp\/v2\/pages\/1300","targetHints":{"allow":["GET"]}}],"collection":[{"href":"https:\/\/visvis.forskningsnatet.se\/index.php\/wp-json\/wp\/v2\/pages"}],"about":[{"href":"https:\/\/visvis.forskningsnatet.se\/index.php\/wp-json\/wp\/v2\/types\/page"}],"author":[{"embeddable":true,"href":"https:\/\/visvis.forskningsnatet.se\/index.php\/wp-json\/wp\/v2\/users\/1"}],"replies":[{"embeddable":true,"href":"https:\/\/visvis.forskningsnatet.se\/index.php\/wp-json\/wp\/v2\/comments?post=1300"}],"version-history":[{"count":20,"href":"https:\/\/visvis.forskningsnatet.se\/index.php\/wp-json\/wp\/v2\/pages\/1300\/revisions"}],"predecessor-version":[{"id":2943,"href":"https:\/\/visvis.forskningsnatet.se\/index.php\/wp-json\/wp\/v2\/pages\/1300\/revisions\/2943"}],"up":[{"embeddable":true,"href":"https:\/\/visvis.forskningsnatet.se\/index.php\/wp-json\/wp\/v2\/pages\/53"}],"wp:attachment":[{"href":"https:\/\/visvis.forskningsnatet.se\/index.php\/wp-json\/wp\/v2\/media?parent=1300"}],"curies":[{"name":"wp","href":"https:\/\/api.w.org\/{rel}","templated":true}]}}