{"id":203,"date":"2015-11-12T20:46:41","date_gmt":"2015-11-12T19:46:41","guid":{"rendered":"https:\/\/visvis.forskningsnatet.se\/?page_id=203"},"modified":"2015-11-12T20:52:09","modified_gmt":"2015-11-12T19:52:09","slug":"marianne-almstrom","status":"publish","type":"page","link":"https:\/\/visvis.forskningsnatet.se\/index.php\/vi-ar-vis-larare\/marianne-almstrom\/","title":{"rendered":"Marianne Almstr\u00f6m"},"content":{"rendered":"<p><a href=\"https:\/\/visvis.forskningsnatet.se\/wp-content\/uploads\/2015\/11\/marianne_almstr\u00f6m.jpg\"><img loading=\"lazy\" decoding=\"async\" class=\"size-full wp-image-155 alignleft\" src=\"https:\/\/visvis.forskningsnatet.se\/wp-content\/uploads\/2015\/11\/marianne_almstr\u00f6m.jpg\" alt=\"marianne_almstr\u00f6m\" width=\"160\" height=\"200\" \/><\/a><\/p>\n<p class=\"p1\"><span class=\"s1\"><b>Licentiand<\/b><\/span><\/p>\n<p class=\"p2\"><span class=\"s1\">Gymnasiel\u00e4rare<\/span><\/p>\n<p class=\"p2\"><span class=\"s1\"><b>Undervisar i <\/b>kemi<\/span><\/p>\n<p class=\"p2\"><span class=\"s1\"><b>Forskningsf\u00e4lt <\/b>Kemididaktik, Bioteknik<\/span><\/p>\n<p class=\"p2\"><span class=\"s1\"><b>Projekt jag deltagit i:<br \/>\nIngvar Lindqvistpriset 2005<\/b><\/span><\/p>\n<p class=\"p2\"><span class=\"s1\">Marianne Almstr\u00f6m\u00a0tilldelas priset i kemi f\u00f6r sina betydande insatser f\u00f6r att\u00a0<\/span><span class=\"s1\">\u00f6ka intresset f\u00f6r naturvetenskap, inte minst hos flickor och f\u00f6rm\u00e5\u00a0<\/span><span class=\"s1\">h\u00f6gstadieelever att v\u00e4lja naturvetenskaplig gymnasieinriktning. Hon\u00a0<\/span><span class=\"s1\">stimulerar och motiverar elever med olika bakgrund och f\u00e5r genom att\u00a0<\/span><span class=\"s1\">differentiera undervisningen elever med varierande f\u00f6ruts\u00e4ttningar att\u00a0<\/span><span class=\"s1\">uppn\u00e5 goda resultat.<\/span><\/p>\n<p class=\"p2\"><span class=\"s1\"><b>Varit engagerad <\/b>vid\u00a0kemiingenj\u00f6rsutbildningen i Malm\u00f6.<\/span><\/p>\n<p class=\"p2\"><span class=\"s1\"><b>Publikationer: <\/b>Almstr\u00f6m, Marianne (2013).\u00a0<i>Att \u00e4ga ett klassrum &#8211; En personlig ber\u00e4ttelse fr\u00e5n ett l\u00e4rarperspektiv. <\/i>Malm\u00f6: Holmbergs i Malm\u00f6 AB<\/span><\/p>\n","protected":false},"excerpt":{"rendered":"<p>Licentiand Gymnasiel\u00e4rare Undervisar i kemi Forskningsf\u00e4lt Kemididaktik, Bioteknik Projekt jag deltagit i: Ingvar Lindqvistpriset 2005 Marianne Almstr\u00f6m\u00a0tilldelas priset i kemi f\u00f6r sina betydande insatser f\u00f6r att\u00a0\u00f6ka intresset f\u00f6r naturvetenskap, inte minst hos flickor och f\u00f6rm\u00e5\u00a0h\u00f6gstadieelever att v\u00e4lja naturvetenskaplig gymnasieinriktning. Hon\u00a0stimulerar och motiverar elever med olika bakgrund och f\u00e5r genom att\u00a0differentiera undervisningen elever med varierande f\u00f6ruts\u00e4ttningar [&hellip;]<\/p>\n","protected":false},"author":1,"featured_media":0,"parent":12,"menu_order":0,"comment_status":"closed","ping_status":"closed","template":"","meta":{"footnotes":""},"class_list":["post-203","page","type-page","status-publish","czr-hentry"],"_links":{"self":[{"href":"https:\/\/visvis.forskningsnatet.se\/index.php\/wp-json\/wp\/v2\/pages\/203","targetHints":{"allow":["GET"]}}],"collection":[{"href":"https:\/\/visvis.forskningsnatet.se\/index.php\/wp-json\/wp\/v2\/pages"}],"about":[{"href":"https:\/\/visvis.forskningsnatet.se\/index.php\/wp-json\/wp\/v2\/types\/page"}],"author":[{"embeddable":true,"href":"https:\/\/visvis.forskningsnatet.se\/index.php\/wp-json\/wp\/v2\/users\/1"}],"replies":[{"embeddable":true,"href":"https:\/\/visvis.forskningsnatet.se\/index.php\/wp-json\/wp\/v2\/comments?post=203"}],"version-history":[{"count":3,"href":"https:\/\/visvis.forskningsnatet.se\/index.php\/wp-json\/wp\/v2\/pages\/203\/revisions"}],"predecessor-version":[{"id":207,"href":"https:\/\/visvis.forskningsnatet.se\/index.php\/wp-json\/wp\/v2\/pages\/203\/revisions\/207"}],"up":[{"embeddable":true,"href":"https:\/\/visvis.forskningsnatet.se\/index.php\/wp-json\/wp\/v2\/pages\/12"}],"wp:attachment":[{"href":"https:\/\/visvis.forskningsnatet.se\/index.php\/wp-json\/wp\/v2\/media?parent=203"}],"curies":[{"name":"wp","href":"https:\/\/api.w.org\/{rel}","templated":true}]}}