{"id":215,"date":"2015-11-14T12:33:09","date_gmt":"2015-11-14T11:33:09","guid":{"rendered":"https:\/\/visvis.forskningsnatet.se\/?page_id=215"},"modified":"2015-11-14T12:33:09","modified_gmt":"2015-11-14T11:33:09","slug":"malin-bardenstam","status":"publish","type":"page","link":"https:\/\/visvis.forskningsnatet.se\/index.php\/vi-ar-vis-larare\/malin-bardenstam\/","title":{"rendered":"Malin Bardenstam"},"content":{"rendered":"<p><a href=\"https:\/\/visvis.forskningsnatet.se\/wp-content\/uploads\/2015\/11\/malin_bardenstam.jpg\"><img loading=\"lazy\" decoding=\"async\" class=\"size-full wp-image-157 alignleft\" src=\"https:\/\/visvis.forskningsnatet.se\/wp-content\/uploads\/2015\/11\/malin_bardenstam.jpg\" alt=\"malin_bardenstam\" width=\"160\" height=\"200\" \/><\/a><\/p>\n<p><strong>fil lic<\/strong><\/p>\n<p><strong>Gymnasiel\u00e4rare<\/strong><\/p>\n<p><strong>Undervisar i <\/strong>svenska och historia<\/p>\n<p><strong>Forskningsf\u00e4lt <\/strong>Skolkultur och l\u00e4rande<\/p>\n<p><strong>Projekt jag deltagit i:<\/strong><\/p>\n<p><strong>Publikationer:<\/strong><\/p>\n<p>Bardenstam, Malin (2012). Att bygga l\u00e4sning &#8211; om byggelevers f\u00f6rh\u00e5llningss\u00e4tt till l\u00e4sning i svensk\u00e4mnet p\u00e5 gymnasiet. Licentiatuppsats<\/p>\n","protected":false},"excerpt":{"rendered":"<p>fil lic Gymnasiel\u00e4rare Undervisar i svenska och historia Forskningsf\u00e4lt Skolkultur och l\u00e4rande Projekt jag deltagit i: Publikationer: Bardenstam, Malin (2012). Att bygga l\u00e4sning &#8211; om byggelevers f\u00f6rh\u00e5llningss\u00e4tt till l\u00e4sning i svensk\u00e4mnet p\u00e5 gymnasiet. Licentiatuppsats<\/p>\n","protected":false},"author":1,"featured_media":0,"parent":12,"menu_order":0,"comment_status":"closed","ping_status":"closed","template":"","meta":{"footnotes":""},"class_list":["post-215","page","type-page","status-publish","czr-hentry"],"_links":{"self":[{"href":"https:\/\/visvis.forskningsnatet.se\/index.php\/wp-json\/wp\/v2\/pages\/215","targetHints":{"allow":["GET"]}}],"collection":[{"href":"https:\/\/visvis.forskningsnatet.se\/index.php\/wp-json\/wp\/v2\/pages"}],"about":[{"href":"https:\/\/visvis.forskningsnatet.se\/index.php\/wp-json\/wp\/v2\/types\/page"}],"author":[{"embeddable":true,"href":"https:\/\/visvis.forskningsnatet.se\/index.php\/wp-json\/wp\/v2\/users\/1"}],"replies":[{"embeddable":true,"href":"https:\/\/visvis.forskningsnatet.se\/index.php\/wp-json\/wp\/v2\/comments?post=215"}],"version-history":[{"count":1,"href":"https:\/\/visvis.forskningsnatet.se\/index.php\/wp-json\/wp\/v2\/pages\/215\/revisions"}],"predecessor-version":[{"id":216,"href":"https:\/\/visvis.forskningsnatet.se\/index.php\/wp-json\/wp\/v2\/pages\/215\/revisions\/216"}],"up":[{"embeddable":true,"href":"https:\/\/visvis.forskningsnatet.se\/index.php\/wp-json\/wp\/v2\/pages\/12"}],"wp:attachment":[{"href":"https:\/\/visvis.forskningsnatet.se\/index.php\/wp-json\/wp\/v2\/media?parent=215"}],"curies":[{"name":"wp","href":"https:\/\/api.w.org\/{rel}","templated":true}]}}