{"id":22,"date":"2015-08-24T20:20:55","date_gmt":"2015-08-24T18:20:55","guid":{"rendered":"https:\/\/visvis.forskningsnatet.se\/?page_id=22"},"modified":"2023-07-25T11:59:56","modified_gmt":"2023-07-25T09:59:56","slug":"kontakt","status":"publish","type":"page","link":"https:\/\/visvis.forskningsnatet.se\/index.php\/kontakt\/","title":{"rendered":"Kontakt"},"content":{"rendered":"<p><strong><img loading=\"lazy\" decoding=\"async\" class=\"alignleft wp-image-2020 size-full\" src=\"https:\/\/visvis.forskningsnatet.se\/wp-content\/uploads\/2021\/01\/Bild-Viktoria-Linden-2-e1611653781981.jpg\" alt=\"Viktoria Lind\u00e9n\" width=\"146\" height=\"186\" \/>VIS tf verksamhetsledare (t o m 30 juni 2023)<br \/>\n<\/strong><\/p>\n<p>Viktoria Lind\u00e9n<br \/>\n<a href=\"mailto:viktoria.linden@visvis.se\">viktoria.linden@visvis.se<\/a><\/p>\n<p>0734-484601<\/p>\n<p>VIS, Vetenskap i Skolan i Sverige (ekonomisk f\u00f6rening)<\/p>\n<p>Postadress: c\/o Olle Alexandersson, M\u00f6llev\u00e5ngsgatan 27 A,<br \/>\n214 20 Malm\u00f6<br \/>\nOrg nr: 769625-6713<br \/>\nMoms reg nr: SE769625671301.<\/p>\n<p><strong>Ansvarig f\u00f6r VIS hemsida:<\/strong> Per Penneg\u00e5rd, per.pennegard@visvis.se, 0739-57 45 85<\/p>\n<p><strong>VIS har sin bas i Sk\u00e5ne men genomf\u00f6r uppdrag i hela Sverige.<\/strong><\/p>\n","protected":false},"excerpt":{"rendered":"<p>VIS tf verksamhetsledare (t o m 30 juni 2023) Viktoria Lind\u00e9n viktoria.linden@visvis.se 0734-484601 VIS, Vetenskap i Skolan i Sverige (ekonomisk f\u00f6rening) Postadress: c\/o Olle Alexandersson, M\u00f6llev\u00e5ngsgatan 27 A, 214 20 Malm\u00f6 Org nr: 769625-6713 Moms reg nr: SE769625671301. Ansvarig f\u00f6r VIS hemsida: Per Penneg\u00e5rd, per.pennegard@visvis.se, 0739-57 45 85 VIS har sin bas i Sk\u00e5ne men [&hellip;]<\/p>\n","protected":false},"author":1,"featured_media":0,"parent":0,"menu_order":0,"comment_status":"closed","ping_status":"open","template":"","meta":{"footnotes":""},"class_list":["post-22","page","type-page","status-publish","czr-hentry"],"_links":{"self":[{"href":"https:\/\/visvis.forskningsnatet.se\/index.php\/wp-json\/wp\/v2\/pages\/22","targetHints":{"allow":["GET"]}}],"collection":[{"href":"https:\/\/visvis.forskningsnatet.se\/index.php\/wp-json\/wp\/v2\/pages"}],"about":[{"href":"https:\/\/visvis.forskningsnatet.se\/index.php\/wp-json\/wp\/v2\/types\/page"}],"author":[{"embeddable":true,"href":"https:\/\/visvis.forskningsnatet.se\/index.php\/wp-json\/wp\/v2\/users\/1"}],"replies":[{"embeddable":true,"href":"https:\/\/visvis.forskningsnatet.se\/index.php\/wp-json\/wp\/v2\/comments?post=22"}],"version-history":[{"count":24,"href":"https:\/\/visvis.forskningsnatet.se\/index.php\/wp-json\/wp\/v2\/pages\/22\/revisions"}],"predecessor-version":[{"id":2945,"href":"https:\/\/visvis.forskningsnatet.se\/index.php\/wp-json\/wp\/v2\/pages\/22\/revisions\/2945"}],"wp:attachment":[{"href":"https:\/\/visvis.forskningsnatet.se\/index.php\/wp-json\/wp\/v2\/media?parent=22"}],"curies":[{"name":"wp","href":"https:\/\/api.w.org\/{rel}","templated":true}]}}