{"id":245,"date":"2015-11-21T12:51:43","date_gmt":"2015-11-21T11:51:43","guid":{"rendered":"https:\/\/visvis.forskningsnatet.se\/?page_id=245"},"modified":"2018-03-02T13:23:15","modified_gmt":"2018-03-02T12:23:15","slug":"maria-brannstrom-2","status":"publish","type":"page","link":"https:\/\/visvis.forskningsnatet.se\/index.php\/vi-ar-vis-larare\/maria-brannstrom-2\/","title":{"rendered":"Maria Br\u00e4nnstr\u00f6m"},"content":{"rendered":"<p><img loading=\"lazy\" decoding=\"async\" class=\"alignleft size-full wp-image-164\" src=\"https:\/\/visvis.forskningsnatet.se\/wp-content\/uploads\/2015\/08\/maria-br\u00e4nnstr\u00f6m.jpg\" alt=\"maria-br\u00e4nnstr\u00f6m\" width=\"160\" height=\"200\" \/><\/p>\n<p><strong>fil lic<\/strong><\/p>\n<p><strong>Gymnasiel\u00e4rare<\/strong><\/p>\n<p><strong>Undervisar i: <\/strong>Svenska, retorik, religionskunskap<\/p>\n<p><strong>Forskningsf\u00e4lt: <\/strong>Bed\u00f6mning av muntlighet, l\u00e4rande bed\u00f6mning, med st\u00f6d av retorik som teori<\/p>\n<p><strong>Projekt jag deltagit i:<\/strong><\/p>\n<p>VIS-Vetenskap i Skolan, verksamhetsledare fr 2013<\/p>\n<p>Forskningsn\u00e4tet Sk\u00e5ne, projektledare fr 2009<\/p>\n<p><strong>Publikationer:<\/strong><\/p>\n<p>Br\u00e4nnstr\u00f6m, Maria (2011). Bed\u00f6mning av det muntliga nationella provet &#8211; En m\u00f6tesplats f\u00f6r metaspr\u00e5k om muntligheten. Licentiatuppsats<\/p>\n<p>Bring\u00e9us, Eva &amp; Br\u00e4nnstr\u00f6m, Maria (2010). Jag l\u00e4ser den i alla fall som om den vore sann. I: Bergman, Lotta &amp; Bring\u00e9us, Eva (red.) Litteraturl\u00e4sning som didaktisk utmaning &#8211; en forskningscirkel om litteraturundervisning p\u00e5 2000-talet. S. 29-34. Malm\u00f6: Resurscentrum f\u00f6r m\u00e5ngfaldens skola\/FoU-utbildning.<\/p>\n<p>Br\u00e4nnstr\u00f6m, Maria (2008). Svenskl\u00e4rarens bed\u00f6mning av muntlighet &#8211; likv\u00e4rdig, j\u00e4mlik eller olik? En studie av l\u00e4rares bed\u00f6mning av elevers prestationer p\u00e5 det muntliga delprovet i Nationella provet i Svenska B. I: Nationella konferensen i svenska med didaktisk inriktning, Palm\u00e9r, Anne (2008). Sj\u00e4tte nationella konferensen i svenska med didaktisk inriktning: Uppsala den 27 &#8211; 28 november 2008. Uppsala: Nationella n\u00e4tverket f\u00f6r svenska med didaktisk inriktning.<\/p>\n<p>Br\u00e4nnstr\u00f6m, Maria (2008). Bed\u00f6mning och betygss\u00e4ttning &#8211; likv\u00e4rdig, j\u00e4mlik eller olik? En studie av l\u00e4rares bed\u00f6mning av det muntliga delprovet i Nationella provet i Svenska B: [Magisteruppsats]. Malm\u00f6: Malm\u00f6 H\u00f6gskola.<\/p>\n","protected":false},"excerpt":{"rendered":"<p>fil lic Gymnasiel\u00e4rare Undervisar i: Svenska, retorik, religionskunskap Forskningsf\u00e4lt: Bed\u00f6mning av muntlighet, l\u00e4rande bed\u00f6mning, med st\u00f6d av retorik som teori Projekt jag deltagit i: VIS-Vetenskap i Skolan, verksamhetsledare fr 2013 Forskningsn\u00e4tet Sk\u00e5ne, projektledare fr 2009 Publikationer: Br\u00e4nnstr\u00f6m, Maria (2011). Bed\u00f6mning av det muntliga nationella provet &#8211; En m\u00f6tesplats f\u00f6r metaspr\u00e5k om muntligheten. Licentiatuppsats Bring\u00e9us, Eva [&hellip;]<\/p>\n","protected":false},"author":1,"featured_media":0,"parent":12,"menu_order":0,"comment_status":"closed","ping_status":"closed","template":"","meta":{"footnotes":""},"class_list":["post-245","page","type-page","status-publish","czr-hentry"],"_links":{"self":[{"href":"https:\/\/visvis.forskningsnatet.se\/index.php\/wp-json\/wp\/v2\/pages\/245","targetHints":{"allow":["GET"]}}],"collection":[{"href":"https:\/\/visvis.forskningsnatet.se\/index.php\/wp-json\/wp\/v2\/pages"}],"about":[{"href":"https:\/\/visvis.forskningsnatet.se\/index.php\/wp-json\/wp\/v2\/types\/page"}],"author":[{"embeddable":true,"href":"https:\/\/visvis.forskningsnatet.se\/index.php\/wp-json\/wp\/v2\/users\/1"}],"replies":[{"embeddable":true,"href":"https:\/\/visvis.forskningsnatet.se\/index.php\/wp-json\/wp\/v2\/comments?post=245"}],"version-history":[{"count":3,"href":"https:\/\/visvis.forskningsnatet.se\/index.php\/wp-json\/wp\/v2\/pages\/245\/revisions"}],"predecessor-version":[{"id":2555,"href":"https:\/\/visvis.forskningsnatet.se\/index.php\/wp-json\/wp\/v2\/pages\/245\/revisions\/2555"}],"up":[{"embeddable":true,"href":"https:\/\/visvis.forskningsnatet.se\/index.php\/wp-json\/wp\/v2\/pages\/12"}],"wp:attachment":[{"href":"https:\/\/visvis.forskningsnatet.se\/index.php\/wp-json\/wp\/v2\/media?parent=245"}],"curies":[{"name":"wp","href":"https:\/\/api.w.org\/{rel}","templated":true}]}}