{"id":267,"date":"2015-11-21T13:03:37","date_gmt":"2015-11-21T12:03:37","guid":{"rendered":"https:\/\/visvis.forskningsnatet.se\/?page_id=267"},"modified":"2015-11-21T13:03:37","modified_gmt":"2015-11-21T12:03:37","slug":"linda-jarlskog-2","status":"publish","type":"page","link":"https:\/\/visvis.forskningsnatet.se\/index.php\/vi-ar-vis-larare\/linda-jarlskog-2\/","title":{"rendered":"Linda Jarlskog"},"content":{"rendered":"<p><img loading=\"lazy\" decoding=\"async\" class=\"alignleft size-full wp-image-180\" src=\"https:\/\/visvis.forskningsnatet.se\/wp-content\/uploads\/2015\/08\/linda-jarlskog.jpg\" alt=\"linda-jarlskog\" width=\"160\" height=\"200\" \/><\/p>\n<p><strong>tekn lic<\/strong><\/p>\n<p><strong>Komvuxl\u00e4rare<\/strong><\/p>\n<p><strong>Undervisar i <\/strong>matematik och fysik<\/p>\n<p><strong>Forskningsf\u00e4lt<\/strong> Fasta tillst\u00e5ndets fysik<\/p>\n<p><strong>Projekt jag deltagit i:<\/strong><\/p>\n<p>Kleinprojektet vid Mittag Leffler institutet i Djursholm (2011). L\u00e4s g\u00e4rna om projektet p\u00e5 f\u00f6ljande l\u00e4nk: <a href=\"http:\/\/www.math.chalmers.se\/%7Etorbjrn\/SKM\/kleinprojektet.html\" target=\"_blank\">http:\/\/www.math.chalmers.se\/~torbjrn\/SKM\/kleinprojektet.html<\/a><\/p>\n<p>Aktiv i ViS (Vuxenutbildning i samverkan) n\u00e4tverk i matematik, se f\u00f6ljande l\u00e4nk: <a href=\"http:\/\/www.visnet.se\" target=\"_blank\">www.visnet.se<\/a>.<\/p>\n<p>&#8221;Sm\u00e5 barns matematik&#8221; om matematisk probleml\u00f6sning inriktning mot l\u00e4rare. Dyskalkyliprojekt., Sveriges matematikl\u00e4rarf\u00f6rening (SMaL)<\/p>\n<p>Driver en lokalavdelning av SMaL i Lund<\/p>\n<p><strong>Publikationer:<\/strong><\/p>\n<p>MaA p\u00e5 f\u00f6rskolan Nr 3, 2011, N\u00e4mnaren, NCM, G\u00f6teborg<\/p>\n<p>Optical and epitaxial studies of III\/V semiconductor nanostructures, 2000, LTH, Lund.<\/p>\n<p>Photoluminescence polarization of single InP quantum dots, Physical Review B, 63, 233301, 2001.<\/p>\n<p>Facet formation of overgrowth over sub-\u00b5m-sized W-patterns on GaAs(001)-surfaces%u201D, Journal of Crystal Growth, 2001, Vol 222, Iss3.<\/p>\n","protected":false},"excerpt":{"rendered":"<p>tekn lic Komvuxl\u00e4rare Undervisar i matematik och fysik Forskningsf\u00e4lt Fasta tillst\u00e5ndets fysik Projekt jag deltagit i: Kleinprojektet vid Mittag Leffler institutet i Djursholm (2011). L\u00e4s g\u00e4rna om projektet p\u00e5 f\u00f6ljande l\u00e4nk: http:\/\/www.math.chalmers.se\/~torbjrn\/SKM\/kleinprojektet.html Aktiv i ViS (Vuxenutbildning i samverkan) n\u00e4tverk i matematik, se f\u00f6ljande l\u00e4nk: www.visnet.se. &#8221;Sm\u00e5 barns matematik&#8221; om matematisk probleml\u00f6sning inriktning mot l\u00e4rare. Dyskalkyliprojekt., [&hellip;]<\/p>\n","protected":false},"author":1,"featured_media":0,"parent":12,"menu_order":0,"comment_status":"closed","ping_status":"closed","template":"","meta":{"footnotes":""},"class_list":["post-267","page","type-page","status-publish","czr-hentry"],"_links":{"self":[{"href":"https:\/\/visvis.forskningsnatet.se\/index.php\/wp-json\/wp\/v2\/pages\/267","targetHints":{"allow":["GET"]}}],"collection":[{"href":"https:\/\/visvis.forskningsnatet.se\/index.php\/wp-json\/wp\/v2\/pages"}],"about":[{"href":"https:\/\/visvis.forskningsnatet.se\/index.php\/wp-json\/wp\/v2\/types\/page"}],"author":[{"embeddable":true,"href":"https:\/\/visvis.forskningsnatet.se\/index.php\/wp-json\/wp\/v2\/users\/1"}],"replies":[{"embeddable":true,"href":"https:\/\/visvis.forskningsnatet.se\/index.php\/wp-json\/wp\/v2\/comments?post=267"}],"version-history":[{"count":1,"href":"https:\/\/visvis.forskningsnatet.se\/index.php\/wp-json\/wp\/v2\/pages\/267\/revisions"}],"predecessor-version":[{"id":268,"href":"https:\/\/visvis.forskningsnatet.se\/index.php\/wp-json\/wp\/v2\/pages\/267\/revisions\/268"}],"up":[{"embeddable":true,"href":"https:\/\/visvis.forskningsnatet.se\/index.php\/wp-json\/wp\/v2\/pages\/12"}],"wp:attachment":[{"href":"https:\/\/visvis.forskningsnatet.se\/index.php\/wp-json\/wp\/v2\/media?parent=267"}],"curies":[{"name":"wp","href":"https:\/\/api.w.org\/{rel}","templated":true}]}}