{"id":302,"date":"2015-11-23T11:26:42","date_gmt":"2015-11-23T10:26:42","guid":{"rendered":"https:\/\/visvis.forskningsnatet.se\/?page_id=302"},"modified":"2015-11-23T11:26:42","modified_gmt":"2015-11-23T10:26:42","slug":"vis-vetenskap-i-skolan","status":"publish","type":"page","link":"https:\/\/visvis.forskningsnatet.se\/index.php\/vis-vetenskap-i-skolan\/","title":{"rendered":"VIS &#8211; vetenskap i skolan"},"content":{"rendered":"<p>Med VIS som partner i skolutvecklingen f\u00e5r du tillg\u00e5ng till forskarutbildade l\u00e4rare. En unik resurs som \u00e4r v\u00e4l insatta i forskningens senaste r\u00f6n och har rej\u00e4l erfarenhet fr\u00e5n klassrummet.<\/p>\n<p>&nbsp;<\/p>\n","protected":false},"excerpt":{"rendered":"<p>Med VIS som partner i skolutvecklingen f\u00e5r du tillg\u00e5ng till forskarutbildade l\u00e4rare. En unik resurs som \u00e4r v\u00e4l insatta i forskningens senaste r\u00f6n och har rej\u00e4l erfarenhet fr\u00e5n klassrummet. &nbsp;<\/p>\n","protected":false},"author":1,"featured_media":0,"parent":0,"menu_order":0,"comment_status":"closed","ping_status":"closed","template":"","meta":{"footnotes":""},"class_list":["post-302","page","type-page","status-publish","czr-hentry"],"_links":{"self":[{"href":"https:\/\/visvis.forskningsnatet.se\/index.php\/wp-json\/wp\/v2\/pages\/302","targetHints":{"allow":["GET"]}}],"collection":[{"href":"https:\/\/visvis.forskningsnatet.se\/index.php\/wp-json\/wp\/v2\/pages"}],"about":[{"href":"https:\/\/visvis.forskningsnatet.se\/index.php\/wp-json\/wp\/v2\/types\/page"}],"author":[{"embeddable":true,"href":"https:\/\/visvis.forskningsnatet.se\/index.php\/wp-json\/wp\/v2\/users\/1"}],"replies":[{"embeddable":true,"href":"https:\/\/visvis.forskningsnatet.se\/index.php\/wp-json\/wp\/v2\/comments?post=302"}],"version-history":[{"count":1,"href":"https:\/\/visvis.forskningsnatet.se\/index.php\/wp-json\/wp\/v2\/pages\/302\/revisions"}],"predecessor-version":[{"id":303,"href":"https:\/\/visvis.forskningsnatet.se\/index.php\/wp-json\/wp\/v2\/pages\/302\/revisions\/303"}],"wp:attachment":[{"href":"https:\/\/visvis.forskningsnatet.se\/index.php\/wp-json\/wp\/v2\/media?parent=302"}],"curies":[{"name":"wp","href":"https:\/\/api.w.org\/{rel}","templated":true}]}}