{"id":328,"date":"2015-11-24T19:44:34","date_gmt":"2015-11-24T18:44:34","guid":{"rendered":"https:\/\/visvis.forskningsnatet.se\/?page_id=328"},"modified":"2018-02-15T18:23:20","modified_gmt":"2018-02-15T17:23:20","slug":"natverk-forskarutbildade-larare","status":"publish","type":"page","link":"https:\/\/visvis.forskningsnatet.se\/index.php\/om-oss\/natverk-forskarutbildade-larare\/","title":{"rendered":"N\u00e4tverk forskarutbildade l\u00e4rare"},"content":{"rendered":"<p><strong>N\u00e4tverk forskarutbildade l\u00e4rare (NFL)\u00a0\u00e4r ett n\u00e4tverk f\u00f6r verksamma l\u00e4rare med forskarutbildning\u00a0som drivs av VIS.\u00a0Det \u00e4r t\u00e4nkt som ett st\u00f6dforum, d\u00e4r fr\u00e5gor av gemensamt intresse kan tas upp. OBS: Du beh\u00f6ver inte vara VIS-medlem f\u00f6r att ansluta dig till NFL.<br \/>\n<\/strong><\/p>\n<p>I VIS regi ordnas n\u00e4tverkstr\u00e4ffar med intressanta g\u00e4ster, vanligtvis i Malm\u00f6. Exempel p\u00e5 \u00e4mnen som tagits upp \u00e4r<\/p>\n<ul>\n<li>Begreppen vetenskaplig grund, bepr\u00f6vad erfarenhet och evidens<\/li>\n<li>Bed\u00f6mning inom naturvetenskapliga \u00e4mnen<\/li>\n<li>Helen Timperleys forskning<\/li>\n<\/ul>\n<p>Kontakta VIS verksamhetsledare f\u00f6r mer information om NFL &#8211; kontaktuppgifter <a href=\"https:\/\/visvis.forskningsnatet.se\/index.php\/kontakt\/\">h\u00e4r<\/a>.<\/p>\n<p>&nbsp;<\/p>\n","protected":false},"excerpt":{"rendered":"<p>N\u00e4tverk forskarutbildade l\u00e4rare (NFL)\u00a0\u00e4r ett n\u00e4tverk f\u00f6r verksamma l\u00e4rare med forskarutbildning\u00a0som drivs av VIS.\u00a0Det \u00e4r t\u00e4nkt som ett st\u00f6dforum, d\u00e4r fr\u00e5gor av gemensamt intresse kan tas upp. OBS: Du beh\u00f6ver inte vara VIS-medlem f\u00f6r att ansluta dig till NFL. I VIS regi ordnas n\u00e4tverkstr\u00e4ffar med intressanta g\u00e4ster, vanligtvis i Malm\u00f6. Exempel p\u00e5 \u00e4mnen som tagits [&hellip;]<\/p>\n","protected":false},"author":1,"featured_media":0,"parent":53,"menu_order":0,"comment_status":"closed","ping_status":"closed","template":"","meta":{"footnotes":""},"class_list":["post-328","page","type-page","status-publish","czr-hentry"],"_links":{"self":[{"href":"https:\/\/visvis.forskningsnatet.se\/index.php\/wp-json\/wp\/v2\/pages\/328","targetHints":{"allow":["GET"]}}],"collection":[{"href":"https:\/\/visvis.forskningsnatet.se\/index.php\/wp-json\/wp\/v2\/pages"}],"about":[{"href":"https:\/\/visvis.forskningsnatet.se\/index.php\/wp-json\/wp\/v2\/types\/page"}],"author":[{"embeddable":true,"href":"https:\/\/visvis.forskningsnatet.se\/index.php\/wp-json\/wp\/v2\/users\/1"}],"replies":[{"embeddable":true,"href":"https:\/\/visvis.forskningsnatet.se\/index.php\/wp-json\/wp\/v2\/comments?post=328"}],"version-history":[{"count":3,"href":"https:\/\/visvis.forskningsnatet.se\/index.php\/wp-json\/wp\/v2\/pages\/328\/revisions"}],"predecessor-version":[{"id":805,"href":"https:\/\/visvis.forskningsnatet.se\/index.php\/wp-json\/wp\/v2\/pages\/328\/revisions\/805"}],"up":[{"embeddable":true,"href":"https:\/\/visvis.forskningsnatet.se\/index.php\/wp-json\/wp\/v2\/pages\/53"}],"wp:attachment":[{"href":"https:\/\/visvis.forskningsnatet.se\/index.php\/wp-json\/wp\/v2\/media?parent=328"}],"curies":[{"name":"wp","href":"https:\/\/api.w.org\/{rel}","templated":true}]}}