{"id":387,"date":"2016-01-28T20:15:33","date_gmt":"2016-01-28T19:15:33","guid":{"rendered":"https:\/\/visvis.forskningsnatet.se\/?page_id=387"},"modified":"2019-08-26T15:13:37","modified_gmt":"2019-08-26T13:13:37","slug":"oppna-aktiviteter","status":"publish","type":"page","link":"https:\/\/visvis.forskningsnatet.se\/index.php\/detta-erbjuder-vi\/oppna-aktiviteter\/","title":{"rendered":"Skr\u00e4ddarsydda tj\u00e4nster"},"content":{"rendered":"<h3>VIS kan utifr\u00e5n uppdragsgivarens behov och \u00f6nskem\u00e5l hj\u00e4lpa till med:<\/h3>\n<ul>\n<li>l\u00e4rarfortbildning<\/li>\n<li>ledarskapsutveckling<\/li>\n<li>mentorskap\/coachning<\/li>\n<li>analyser av utvecklingsbehov<\/li>\n<li>processt\u00f6d<\/li>\n<li>handledning i uppf\u00f6ljning<\/li>\n<li>utv\u00e4rdering av utvecklingsarbete<\/li>\n<li>forsknings\u00f6versikter och -sammanfattningar<\/li>\n<\/ul>\n","protected":false},"excerpt":{"rendered":"<p>VIS kan utifr\u00e5n uppdragsgivarens behov och \u00f6nskem\u00e5l hj\u00e4lpa till med: l\u00e4rarfortbildning ledarskapsutveckling mentorskap\/coachning analyser av utvecklingsbehov processt\u00f6d handledning i uppf\u00f6ljning utv\u00e4rdering av utvecklingsarbete forsknings\u00f6versikter och -sammanfattningar<\/p>\n","protected":false},"author":1,"featured_media":0,"parent":60,"menu_order":0,"comment_status":"closed","ping_status":"closed","template":"","meta":{"footnotes":""},"class_list":["post-387","page","type-page","status-publish","czr-hentry"],"_links":{"self":[{"href":"https:\/\/visvis.forskningsnatet.se\/index.php\/wp-json\/wp\/v2\/pages\/387","targetHints":{"allow":["GET"]}}],"collection":[{"href":"https:\/\/visvis.forskningsnatet.se\/index.php\/wp-json\/wp\/v2\/pages"}],"about":[{"href":"https:\/\/visvis.forskningsnatet.se\/index.php\/wp-json\/wp\/v2\/types\/page"}],"author":[{"embeddable":true,"href":"https:\/\/visvis.forskningsnatet.se\/index.php\/wp-json\/wp\/v2\/users\/1"}],"replies":[{"embeddable":true,"href":"https:\/\/visvis.forskningsnatet.se\/index.php\/wp-json\/wp\/v2\/comments?post=387"}],"version-history":[{"count":15,"href":"https:\/\/visvis.forskningsnatet.se\/index.php\/wp-json\/wp\/v2\/pages\/387\/revisions"}],"predecessor-version":[{"id":1717,"href":"https:\/\/visvis.forskningsnatet.se\/index.php\/wp-json\/wp\/v2\/pages\/387\/revisions\/1717"}],"up":[{"embeddable":true,"href":"https:\/\/visvis.forskningsnatet.se\/index.php\/wp-json\/wp\/v2\/pages\/60"}],"wp:attachment":[{"href":"https:\/\/visvis.forskningsnatet.se\/index.php\/wp-json\/wp\/v2\/media?parent=387"}],"curies":[{"name":"wp","href":"https:\/\/api.w.org\/{rel}","templated":true}]}}