{"id":462,"date":"2016-02-13T14:06:25","date_gmt":"2016-02-13T13:06:25","guid":{"rendered":"https:\/\/visvis.forskningsnatet.se\/?page_id=462"},"modified":"2022-04-11T09:30:11","modified_gmt":"2022-04-11T07:30:11","slug":"anna-ponnert","status":"publish","type":"page","link":"https:\/\/visvis.forskningsnatet.se\/index.php\/vi-ar-vis-larare\/anna-ponnert\/","title":{"rendered":"Anna Ponnert"},"content":{"rendered":"<p><img loading=\"lazy\" decoding=\"async\" class=\"alignleft size-full wp-image-156\" src=\"https:\/\/visvis.forskningsnatet.se\/wp-content\/uploads\/2015\/11\/anonymbild-e1604045839866.jpg\" alt=\"\" width=\"160\" height=\"200\" \/><\/p>\n<p><strong>fil lic<\/strong><\/p>\n<p><strong>Undervisar i\u00a0<\/strong>spanska och samh\u00e4llskunskap<\/p>\n<p><strong>Forskningsf\u00e4lt<\/strong>\u00a0Min forskning behandlar undervisningsmetoder och bed\u00f6mning utifr\u00e5n \u00e4mnesplanen p\u00e5 steg 4 p\u00e5 gymnasiet.<\/p>\n<p><strong>Publikationer:<\/strong><\/p>\n<p class=\"p1\"><a href=\"http:\/\/lup.lub.lu.se\/luur\/download?func=downloadFile&amp;recordOId=4863297&amp;fileOId=4986401\" target=\"_blank\" rel=\"noopener\"><span class=\"s1\">Ponnert, A. (2014). <i>La ense\u00f1anza del espa\u00f1ol en Suecia. Enfoques y m\u00e9todos empleados por cinco profesores<\/i>. \u00c9tudes romanes de Lund, 97. Licentiatavhandling.<\/span><\/a><\/p>\n","protected":false},"excerpt":{"rendered":"<p>fil lic Undervisar i\u00a0spanska och samh\u00e4llskunskap Forskningsf\u00e4lt\u00a0Min forskning behandlar undervisningsmetoder och bed\u00f6mning utifr\u00e5n \u00e4mnesplanen p\u00e5 steg 4 p\u00e5 gymnasiet. Publikationer: Ponnert, A. (2014). La ense\u00f1anza del espa\u00f1ol en Suecia. Enfoques y m\u00e9todos empleados por cinco profesores. \u00c9tudes romanes de Lund, 97. Licentiatavhandling.<\/p>\n","protected":false},"author":1,"featured_media":0,"parent":12,"menu_order":0,"comment_status":"closed","ping_status":"closed","template":"","meta":{"footnotes":""},"class_list":["post-462","page","type-page","status-publish","czr-hentry"],"_links":{"self":[{"href":"https:\/\/visvis.forskningsnatet.se\/index.php\/wp-json\/wp\/v2\/pages\/462","targetHints":{"allow":["GET"]}}],"collection":[{"href":"https:\/\/visvis.forskningsnatet.se\/index.php\/wp-json\/wp\/v2\/pages"}],"about":[{"href":"https:\/\/visvis.forskningsnatet.se\/index.php\/wp-json\/wp\/v2\/types\/page"}],"author":[{"embeddable":true,"href":"https:\/\/visvis.forskningsnatet.se\/index.php\/wp-json\/wp\/v2\/users\/1"}],"replies":[{"embeddable":true,"href":"https:\/\/visvis.forskningsnatet.se\/index.php\/wp-json\/wp\/v2\/comments?post=462"}],"version-history":[{"count":5,"href":"https:\/\/visvis.forskningsnatet.se\/index.php\/wp-json\/wp\/v2\/pages\/462\/revisions"}],"predecessor-version":[{"id":2695,"href":"https:\/\/visvis.forskningsnatet.se\/index.php\/wp-json\/wp\/v2\/pages\/462\/revisions\/2695"}],"up":[{"embeddable":true,"href":"https:\/\/visvis.forskningsnatet.se\/index.php\/wp-json\/wp\/v2\/pages\/12"}],"wp:attachment":[{"href":"https:\/\/visvis.forskningsnatet.se\/index.php\/wp-json\/wp\/v2\/media?parent=462"}],"curies":[{"name":"wp","href":"https:\/\/api.w.org\/{rel}","templated":true}]}}