{"id":53,"date":"2015-08-26T20:23:37","date_gmt":"2015-08-26T18:23:37","guid":{"rendered":"https:\/\/visvis.forskningsnatet.se\/?page_id=53"},"modified":"2022-02-07T18:57:21","modified_gmt":"2022-02-07T17:57:21","slug":"om-oss","status":"publish","type":"page","link":"https:\/\/visvis.forskningsnatet.se\/index.php\/om-oss\/","title":{"rendered":"Om oss"},"content":{"rendered":"<h2><strong>VIS st\u00e5r p\u00e5 vetenskaplig grund<\/strong><\/h2>\n<p><a href=\"https:\/\/visvis.forskningsnatet.se\/index.php\/vis-vetenskap-i-skolan\/\">VIS <\/a>erbjuder skolutveckling p\u00e5 vetenskaplig grund. VIS arbetar ocks\u00e5 f\u00f6r att allm\u00e4nt st\u00e4rka vetenskapliga perspektiv i skolan, \u00a0t ex genom att l\u00e5ta eleverna m\u00f6ta forskare och arbeta tillsammans med dem i olika projekt.<\/p>\n<p><img loading=\"lazy\" decoding=\"async\" class=\"size-medium wp-image-99 aligncenter\" src=\"https:\/\/visvis.forskningsnatet.se\/wp-content\/uploads\/2015\/08\/om_oss-300x178.jpg\" alt=\"\" width=\"300\" height=\"178\" srcset=\"https:\/\/visvis.forskningsnatet.se\/wp-content\/uploads\/2015\/08\/om_oss-300x178.jpg 300w, https:\/\/visvis.forskningsnatet.se\/wp-content\/uploads\/2015\/08\/om_oss.jpg 747w\" sizes=\"auto, (max-width: 300px) 100vw, 300px\" \/><\/p>\n<p><span style=\"color: #ffffff;\">.<\/span><\/p>\n<h3><strong>Organisationen VIS<\/strong><\/h3>\n<p>VIS \u00e4r ett producentkooperativ som drivs av de forskarutbildade l\u00e4rarna sj\u00e4lva i form av en ekonomisk f\u00f6rening utan vinstsyfte<a href=\"http:\/\/www.ifous.se\/\">.<\/a><br \/>De forskarutbildade l\u00e4rarna har aktuell erfarenhet av b\u00e5de skolundervisning och forskning, en unik kombination som skolan beh\u00f6ver i sitt utvecklingsarbete<a href=\"http:\/\/www.skolporten.se\/\">.<\/a>\u00a0VIS vill g\u00f6ra de forskarutbildade l\u00e4rarnas dubbla kompetens l\u00e4tt tillg\u00e4nglig var den \u00e4n den beh\u00f6vs, l\u00e5ngt utanf\u00f6r den egna skolan eller kommunen.<\/p>\n<p>Medlemskap i VIS \u00e4r \u00f6ppet \u00e4ven f\u00f6r f\u00f6rstel\u00e4rare utan forskarutbildning.<\/p>\n<p><a href=\"https:\/\/visvis.forskningsnatet.se\/index.php\/vi-ar-vis-larare\/\">H\u00e4r presenteras alla v\u00e5ra VIS-l\u00e4rare <\/a>(beteckning p\u00e5 VIS-medlemmar som st\u00e5r till f\u00f6rfogande i skolutvecklingsprojekt).<\/p>\n<h3><strong>S\u00e5 kom VIS till<\/strong><\/h3>\n<p>Under 2012-2013 drevs Vetenskap i skolan, VIS, som ett pilotprojekt f\u00f6r att bygga upp erfarenhet av arbetsformer och aktuella behov av skolutveckling. Erfarenheterna skulle komma till nationell nytta och d\u00e4rf\u00f6r st\u00f6ddes projektet av <a href=\"http:\/\/www.skolverket.se\/\">Skolverket<\/a> och<a href=\"https:\/\/skl.se\/\"> SKL.<\/a> Initiativet till VIS-projektet kom fr\u00e5n en grupp som arbetade med samverkan mellan <a href=\"http:\/\/www.forskningsnatet.se\/\" target=\"_blank\" rel=\"noopener noreferrer\">Forskningsn\u00e4tet Sk\u00e5ne<\/a> och\u00a0<a href=\"http:\/\/www.kfsk.se\/fouskola\" target=\"_blank\" rel=\"noopener noreferrer\">FoU Skola\/Kommunf\u00f6rbundet Sk\u00e5ne<\/a>.<\/p>\n<p>Pilotprojektet omfattade bland annat att kartl\u00e4gga vilka l\u00e4rare med forskarutbildning som fanns (i f\u00f6rsta steget i Sk\u00e5ne), att l\u00e4gga upp en kompetensdatabas och att skapa en effektiv f\u00f6rmedlingsorganisation f\u00f6r att g\u00f6ra de forskarutbildade l\u00e4rarnas speciella kunnande allm\u00e4nt tillg\u00e4ngligt i skolutvecklingsarbete. Siktet var inst\u00e4llt p\u00e5 att erbjuda l\u00e5ngsiktigt h\u00e5llbara och ekonomiskt attraktiva l\u00f6sningar. Som slutresultat bildades organisationen VIS. Den skulle bli en stabil plattform f\u00f6r att g\u00f6ra de forskarutbildade l\u00e4rarnas kunnande l\u00e4tt tillg\u00e4ngligt f\u00f6r skolor, kommuner, myndigheter och andra intresserade.<\/p>\n<p>L\u00e4s g\u00e4rna uppf\u00f6ljningen av pilotprojektet som SKL, <a href=\"https:\/\/skl.se\/\">Sveriges Kommuner och Landsting,<\/a> genomf\u00f6rde och redovisade i <a href=\"https:\/\/visvis.forskningsnatet.se\/wp-content\/uploads\/2015\/11\/visa_l\u00e4rare1.pdf\" target=\"_blank\" rel=\"noopener noreferrer\">&#8221;Visa l\u00e4rare: Uppf\u00f6ljning av pilotprojektet &#8221;Vetenskap i Skolan&#8221;.<\/a><\/p>\n<h3><strong>Var finns vi?<\/strong><\/h3>\n<p>VIS har sin bas i Sk\u00e5ne och men genomf\u00f6r idag uppdrag \u00e4ven p\u00e5 andra h\u00e5ll i Sverige. VIS utvecklar hela tiden samarbetet med forskarutbildade l\u00e4rare utanf\u00f6r Sk\u00e5ne.<\/p>\n<p><strong>\u00c4r du forskarutbildad l\u00e4rare verksam utanf\u00f6r Sk\u00e5ne? Tycker du att VIS verksamhetsid\u00e9 \u00e4r intressant och skulle vilja bli medlem? Eller kanske \u00e4ven pr\u00f6va att jobba med n\u00e5got VIS-uppdrag? I s\u00e5 fall ska du kontakta VIS verksamhetsledare &#8211; kontaktuppgifter hittar du <a href=\"https:\/\/visvis.forskningsnatet.se\/index.php\/kontakt\/\">h\u00e4r<\/a>.<br \/><\/strong><\/p>\n<p><em>Sk\u00e5ne \u00e4r VIS hemmaregion \u2013 kommuner d\u00e4r VIS-l\u00e4rare arbetar m\u00f6rkmarkerade.<\/em><\/p>\n\n\n<figure class=\"wp-block-image size-full\"><a href=\"https:\/\/visvis.forskningsnatet.se\/wp-content\/uploads\/2015\/08\/skanekartavis2.png\"><img loading=\"lazy\" decoding=\"async\" width=\"708\" height=\"729\" src=\"https:\/\/visvis.forskningsnatet.se\/wp-content\/uploads\/2015\/08\/skanekartavis2.png\" alt=\"\" class=\"wp-image-86\" srcset=\"https:\/\/visvis.forskningsnatet.se\/wp-content\/uploads\/2015\/08\/skanekartavis2.png 708w, https:\/\/visvis.forskningsnatet.se\/wp-content\/uploads\/2015\/08\/skanekartavis2-291x300.png 291w\" sizes=\"auto, (max-width: 708px) 100vw, 708px\" \/><\/a><\/figure>\n","protected":false},"excerpt":{"rendered":"<p>VIS st\u00e5r p\u00e5 vetenskaplig grund VIS erbjuder skolutveckling p\u00e5 vetenskaplig grund. VIS arbetar ocks\u00e5 f\u00f6r att allm\u00e4nt st\u00e4rka vetenskapliga perspektiv i skolan, \u00a0t ex genom att l\u00e5ta eleverna m\u00f6ta forskare och arbeta tillsammans med dem i olika projekt. . Organisationen VIS VIS \u00e4r ett producentkooperativ som drivs av de forskarutbildade l\u00e4rarna sj\u00e4lva i form av [&hellip;]<\/p>\n","protected":false},"author":1,"featured_media":0,"parent":0,"menu_order":0,"comment_status":"closed","ping_status":"open","template":"","meta":{"footnotes":""},"class_list":["post-53","page","type-page","status-publish","czr-hentry"],"_links":{"self":[{"href":"https:\/\/visvis.forskningsnatet.se\/index.php\/wp-json\/wp\/v2\/pages\/53","targetHints":{"allow":["GET"]}}],"collection":[{"href":"https:\/\/visvis.forskningsnatet.se\/index.php\/wp-json\/wp\/v2\/pages"}],"about":[{"href":"https:\/\/visvis.forskningsnatet.se\/index.php\/wp-json\/wp\/v2\/types\/page"}],"author":[{"embeddable":true,"href":"https:\/\/visvis.forskningsnatet.se\/index.php\/wp-json\/wp\/v2\/users\/1"}],"replies":[{"embeddable":true,"href":"https:\/\/visvis.forskningsnatet.se\/index.php\/wp-json\/wp\/v2\/comments?post=53"}],"version-history":[{"count":38,"href":"https:\/\/visvis.forskningsnatet.se\/index.php\/wp-json\/wp\/v2\/pages\/53\/revisions"}],"predecessor-version":[{"id":2558,"href":"https:\/\/visvis.forskningsnatet.se\/index.php\/wp-json\/wp\/v2\/pages\/53\/revisions\/2558"}],"wp:attachment":[{"href":"https:\/\/visvis.forskningsnatet.se\/index.php\/wp-json\/wp\/v2\/media?parent=53"}],"curies":[{"name":"wp","href":"https:\/\/api.w.org\/{rel}","templated":true}]}}