{"id":60,"date":"2015-08-26T20:38:46","date_gmt":"2015-08-26T18:38:46","guid":{"rendered":"https:\/\/visvis.forskningsnatet.se\/?page_id=60"},"modified":"2022-03-01T14:39:54","modified_gmt":"2022-03-01T13:39:54","slug":"detta-erbjuder-vi","status":"publish","type":"page","link":"https:\/\/visvis.forskningsnatet.se\/index.php\/detta-erbjuder-vi\/","title":{"rendered":"VIS erbjuder"},"content":{"rendered":"<h2><span style=\"color: #ffffff;\">.<\/span><\/h2>\n<p><strong>VIS erbjuder b\u00e5de skr\u00e4ddarsydda tj\u00e4nster, f\u00e4rdiga moduler och paket, ett VIS-partnerskap samt kontakt mellan skola och f\u00f6retag. L\u00e4s mer om v\u00e5ra erbjudanden via l\u00e4nkarna.<\/strong><\/p>\n<ul>\n<li><a href=\"https:\/\/visvis.forskningsnatet.se\/index.php\/detta-erbjuder-vi\/oppna-aktiviteter\/\">Skr\u00e4ddarsydda tj\u00e4nster helt efter dina behov<\/a><\/li>\n<li><a href=\"https:\/\/visvis.forskningsnatet.se\/index.php\/detta-erbjuder-vi\/paket-och-moduler-oversikt\/\">F\u00e4rdiga moduler och paket &#8211; \u00f6versikt<\/a><\/li>\n<li><a href=\"https:\/\/visvis.forskningsnatet.se\/index.php\/vis-partner\/\">VIS-partner<\/a><\/li>\n<li><a href=\"https:\/\/visvis.forskningsnatet.se\/index.php\/vis-skola-foretag\/\">Skola &amp; f\u00f6retag<\/a><\/li>\n<\/ul>\n\n\n<p><\/p>\n","protected":false},"excerpt":{"rendered":"<p>. VIS erbjuder b\u00e5de skr\u00e4ddarsydda tj\u00e4nster, f\u00e4rdiga moduler och paket, ett VIS-partnerskap samt kontakt mellan skola och f\u00f6retag. L\u00e4s mer om v\u00e5ra erbjudanden via l\u00e4nkarna. Skr\u00e4ddarsydda tj\u00e4nster helt efter dina behov F\u00e4rdiga moduler och paket &#8211; \u00f6versikt VIS-partner Skola &amp; f\u00f6retag<\/p>\n","protected":false},"author":1,"featured_media":101,"parent":0,"menu_order":0,"comment_status":"closed","ping_status":"open","template":"","meta":{"footnotes":""},"class_list":["post-60","page","type-page","status-publish","has-post-thumbnail","czr-hentry"],"_links":{"self":[{"href":"https:\/\/visvis.forskningsnatet.se\/index.php\/wp-json\/wp\/v2\/pages\/60","targetHints":{"allow":["GET"]}}],"collection":[{"href":"https:\/\/visvis.forskningsnatet.se\/index.php\/wp-json\/wp\/v2\/pages"}],"about":[{"href":"https:\/\/visvis.forskningsnatet.se\/index.php\/wp-json\/wp\/v2\/types\/page"}],"author":[{"embeddable":true,"href":"https:\/\/visvis.forskningsnatet.se\/index.php\/wp-json\/wp\/v2\/users\/1"}],"replies":[{"embeddable":true,"href":"https:\/\/visvis.forskningsnatet.se\/index.php\/wp-json\/wp\/v2\/comments?post=60"}],"version-history":[{"count":31,"href":"https:\/\/visvis.forskningsnatet.se\/index.php\/wp-json\/wp\/v2\/pages\/60\/revisions"}],"predecessor-version":[{"id":2601,"href":"https:\/\/visvis.forskningsnatet.se\/index.php\/wp-json\/wp\/v2\/pages\/60\/revisions\/2601"}],"wp:featuredmedia":[{"embeddable":true,"href":"https:\/\/visvis.forskningsnatet.se\/index.php\/wp-json\/wp\/v2\/media\/101"}],"wp:attachment":[{"href":"https:\/\/visvis.forskningsnatet.se\/index.php\/wp-json\/wp\/v2\/media?parent=60"}],"curies":[{"name":"wp","href":"https:\/\/api.w.org\/{rel}","templated":true}]}}