{"id":603,"date":"2016-11-25T13:24:35","date_gmt":"2016-11-25T12:24:35","guid":{"rendered":"https:\/\/visvis.forskningsnatet.se\/?page_id=603"},"modified":"2023-03-29T14:21:28","modified_gmt":"2023-03-29T12:21:28","slug":"aktuellt","status":"publish","type":"page","link":"https:\/\/visvis.forskningsnatet.se\/index.php\/mot-forskarna\/aktuellt\/","title":{"rendered":"M\u00f6t forskarna &#8211; bakgrund"},"content":{"rendered":"<p><span style=\"font-weight: 400;\">\u201dM\u00f6t forskarna\u201d bygger bl a p\u00e5 erfarenheter fr\u00e5n den verksamhet som sedan m\u00e5nga \u00e5r bedrivits av Forskningsn\u00e4tet Sk\u00e5ne, en grupp sk\u00e5nska skolor som samarbetar f\u00f6r att utveckla vetenskapliga perspektiv i gymnasieskolan. VIS fungerar sedan l\u00e4nge som arrang\u00f6r av all verksamhet inom Forskningsn\u00e4tet. <a href=\"https:\/\/visvis.forskningsnatet.se\/index.php\/mot-forskarna\/forskningsnatet-skane\/\">H\u00e4r hittar du mer information om Forskningsn\u00e4tet Sk\u00e5ne.<\/a><\/span><\/p>\n<p><span style=\"font-weight: 400;\">Hur kan din skola f\u00e5 del i satsningen \u201dM\u00f6t forskarna\u201d? <a href=\"https:\/\/visvis.forskningsnatet.se\/index.php\/vis-partner\/\">Enklaste s\u00e4ttet \u00e4r att bli VIS-PARTNER \u2013 l\u00e4s mer om det <\/a><\/span><span style=\"font-weight: 400;\">h\u00e4r<\/span><span style=\"font-weight: 400;\">.<\/span><\/p>\n","protected":false},"excerpt":{"rendered":"<p>\u201dM\u00f6t forskarna\u201d bygger bl a p\u00e5 erfarenheter fr\u00e5n den verksamhet som sedan m\u00e5nga \u00e5r bedrivits av Forskningsn\u00e4tet Sk\u00e5ne, en grupp sk\u00e5nska skolor som samarbetar f\u00f6r att utveckla vetenskapliga perspektiv i gymnasieskolan. VIS fungerar sedan l\u00e4nge som arrang\u00f6r av all verksamhet inom Forskningsn\u00e4tet. H\u00e4r hittar du mer information om Forskningsn\u00e4tet Sk\u00e5ne. Hur kan din skola f\u00e5 [&hellip;]<\/p>\n","protected":false},"author":1,"featured_media":0,"parent":599,"menu_order":0,"comment_status":"closed","ping_status":"closed","template":"","meta":{"footnotes":""},"class_list":["post-603","page","type-page","status-publish","czr-hentry"],"_links":{"self":[{"href":"https:\/\/visvis.forskningsnatet.se\/index.php\/wp-json\/wp\/v2\/pages\/603","targetHints":{"allow":["GET"]}}],"collection":[{"href":"https:\/\/visvis.forskningsnatet.se\/index.php\/wp-json\/wp\/v2\/pages"}],"about":[{"href":"https:\/\/visvis.forskningsnatet.se\/index.php\/wp-json\/wp\/v2\/types\/page"}],"author":[{"embeddable":true,"href":"https:\/\/visvis.forskningsnatet.se\/index.php\/wp-json\/wp\/v2\/users\/1"}],"replies":[{"embeddable":true,"href":"https:\/\/visvis.forskningsnatet.se\/index.php\/wp-json\/wp\/v2\/comments?post=603"}],"version-history":[{"count":11,"href":"https:\/\/visvis.forskningsnatet.se\/index.php\/wp-json\/wp\/v2\/pages\/603\/revisions"}],"predecessor-version":[{"id":2886,"href":"https:\/\/visvis.forskningsnatet.se\/index.php\/wp-json\/wp\/v2\/pages\/603\/revisions\/2886"}],"up":[{"embeddable":true,"href":"https:\/\/visvis.forskningsnatet.se\/index.php\/wp-json\/wp\/v2\/pages\/599"}],"wp:attachment":[{"href":"https:\/\/visvis.forskningsnatet.se\/index.php\/wp-json\/wp\/v2\/media?parent=603"}],"curies":[{"name":"wp","href":"https:\/\/api.w.org\/{rel}","templated":true}]}}