{"id":73,"date":"2015-08-26T20:47:38","date_gmt":"2015-08-26T18:47:38","guid":{"rendered":"https:\/\/visvis.forskningsnatet.se\/?page_id=73"},"modified":"2018-08-23T12:55:42","modified_gmt":"2018-08-23T10:55:42","slug":"vis-forstelar-kompetensutveckling-for-forstelarare","status":"publish","type":"page","link":"https:\/\/visvis.forskningsnatet.se\/index.php\/detta-erbjuder-vi\/vis-forstelar-kompetensutveckling-for-forstelarare\/","title":{"rendered":"&#8211; VIS F\u00f6rsteL\u00e4r &#8211; kompetensutveckling f\u00f6r f\u00f6rstel\u00e4rare"},"content":{"rendered":"<p>VIS F\u00f6rsteL\u00e4r har skapats av erfarna VIS-l\u00e4rare och \u00e4r ett helt system f\u00f6r utveckling av f\u00f6rstel\u00e4rarens kompetens. Siktet \u00e4r inst\u00e4llt p\u00e5 f\u00f6rstel\u00e4rararens centrala uppgifter: att handleda kolleger och leda kollegialt l\u00e4rande.<\/p>\n<p>Systemet erbjuder arbetsverktyg, f\u00f6rdjupad kunskap och erfarenhetsutbyte. Det best\u00e5r av moduler med anpassbara till\u00e4gg inom omr\u00e5den som en f\u00f6rstel\u00e4rare f\u00f6rv\u00e4ntas beh\u00e4rska:<\/p>\n<ul>\n<li>processledning<\/li>\n<li>kollegialt l\u00e4rande<\/li>\n<li>vetenskaplig grund och bepr\u00f6vad erfarenhet<\/li>\n<li>bed\u00f6mning<\/li>\n<li>spr\u00e5kutvecklande arbetss\u00e4tt<\/li>\n<li>digitala verktyg<\/li>\n<\/ul>\n<p>VIS F\u00f6rsteL\u00e4r v\u00e4nder sig till verksamma f\u00f6rstel\u00e4rare som vill utveckla och uppr\u00e4tth\u00e5lla en h\u00f6g kompetens men \u00e4ven till blivande f\u00f6rstel\u00e4rare.<\/p>\n<p><a href=\"https:\/\/visvis.forskningsnatet.se\/index.php\/kontakt\/\">Klicka h\u00e4r f\u00f6r att best\u00e4lla mer information!<\/a><\/p>\n","protected":false},"excerpt":{"rendered":"<p>VIS F\u00f6rsteL\u00e4r har skapats av erfarna VIS-l\u00e4rare och \u00e4r ett helt system f\u00f6r utveckling av f\u00f6rstel\u00e4rarens kompetens. Siktet \u00e4r inst\u00e4llt p\u00e5 f\u00f6rstel\u00e4rararens centrala uppgifter: att handleda kolleger och leda kollegialt l\u00e4rande. Systemet erbjuder arbetsverktyg, f\u00f6rdjupad kunskap och erfarenhetsutbyte. Det best\u00e5r av moduler med anpassbara till\u00e4gg inom omr\u00e5den som en f\u00f6rstel\u00e4rare f\u00f6rv\u00e4ntas beh\u00e4rska: processledning kollegialt l\u00e4rande [&hellip;]<\/p>\n","protected":false},"author":1,"featured_media":0,"parent":60,"menu_order":0,"comment_status":"closed","ping_status":"closed","template":"","meta":{"footnotes":""},"class_list":["post-73","page","type-page","status-publish","czr-hentry"],"_links":{"self":[{"href":"https:\/\/visvis.forskningsnatet.se\/index.php\/wp-json\/wp\/v2\/pages\/73","targetHints":{"allow":["GET"]}}],"collection":[{"href":"https:\/\/visvis.forskningsnatet.se\/index.php\/wp-json\/wp\/v2\/pages"}],"about":[{"href":"https:\/\/visvis.forskningsnatet.se\/index.php\/wp-json\/wp\/v2\/types\/page"}],"author":[{"embeddable":true,"href":"https:\/\/visvis.forskningsnatet.se\/index.php\/wp-json\/wp\/v2\/users\/1"}],"replies":[{"embeddable":true,"href":"https:\/\/visvis.forskningsnatet.se\/index.php\/wp-json\/wp\/v2\/comments?post=73"}],"version-history":[{"count":4,"href":"https:\/\/visvis.forskningsnatet.se\/index.php\/wp-json\/wp\/v2\/pages\/73\/revisions"}],"predecessor-version":[{"id":1118,"href":"https:\/\/visvis.forskningsnatet.se\/index.php\/wp-json\/wp\/v2\/pages\/73\/revisions\/1118"}],"up":[{"embeddable":true,"href":"https:\/\/visvis.forskningsnatet.se\/index.php\/wp-json\/wp\/v2\/pages\/60"}],"wp:attachment":[{"href":"https:\/\/visvis.forskningsnatet.se\/index.php\/wp-json\/wp\/v2\/media?parent=73"}],"curies":[{"name":"wp","href":"https:\/\/api.w.org\/{rel}","templated":true}]}}